{"id":19710,"date":"2020-09-01T12:46:48","date_gmt":"2020-09-01T12:46:48","guid":{"rendered":"https:\/\/www.farmec.ro\/compania\/?page_id=19710"},"modified":"2026-04-30T12:29:10","modified_gmt":"2026-04-30T12:29:10","slug":"promotii-magazine","status":"publish","type":"page","link":"https:\/\/www.farmec.ro\/compania\/promotii-magazine\/","title":{"rendered":"Promo\u021biile lunii \u00een magazinele Gerovital"},"content":{"rendered":"\n<div class=\"wp-block-media-text alignwide is-stacked-on-mobile\"><figure class=\"wp-block-media-text__media\"><img loading=\"lazy\" width=\"1024\" height=\"1024\" src=\"https:\/\/www.farmec.ro\/compania\/wp-content\/uploads\/2026\/04\/postare-reciclare_cadoul-lunii-mai_FB_Insta_0426_1080x1080px-1-1024x1024.jpg\" alt=\"\" class=\"wp-image-46575 size-full\" srcset=\"https:\/\/www.farmec.ro\/compania\/wp-content\/uploads\/2026\/04\/postare-reciclare_cadoul-lunii-mai_FB_Insta_0426_1080x1080px-1-1024x1024.jpg 1024w, https:\/\/www.farmec.ro\/compania\/wp-content\/uploads\/2026\/04\/postare-reciclare_cadoul-lunii-mai_FB_Insta_0426_1080x1080px-1-300x300.jpg 300w, https:\/\/www.farmec.ro\/compania\/wp-content\/uploads\/2026\/04\/postare-reciclare_cadoul-lunii-mai_FB_Insta_0426_1080x1080px-1-150x150.jpg 150w, https:\/\/www.farmec.ro\/compania\/wp-content\/uploads\/2026\/04\/postare-reciclare_cadoul-lunii-mai_FB_Insta_0426_1080x1080px-1-768x768.jpg 768w, https:\/\/www.farmec.ro\/compania\/wp-content\/uploads\/2026\/04\/postare-reciclare_cadoul-lunii-mai_FB_Insta_0426_1080x1080px-1-377x377.jpg 377w, https:\/\/www.farmec.ro\/compania\/wp-content\/uploads\/2026\/04\/postare-reciclare_cadoul-lunii-mai_FB_Insta_0426_1080x1080px-1-216x216.jpg 216w, https:\/\/www.farmec.ro\/compania\/wp-content\/uploads\/2026\/04\/postare-reciclare_cadoul-lunii-mai_FB_Insta_0426_1080x1080px-1-378x378.jpg 378w, https:\/\/www.farmec.ro\/compania\/wp-content\/uploads\/2026\/04\/postare-reciclare_cadoul-lunii-mai_FB_Insta_0426_1080x1080px-1-338x338.jpg 338w, https:\/\/www.farmec.ro\/compania\/wp-content\/uploads\/2026\/04\/postare-reciclare_cadoul-lunii-mai_FB_Insta_0426_1080x1080px-1.jpg 1080w\" sizes=\"(max-width: 1024px) 100vw, 1024px\" \/><\/figure><div class=\"wp-block-media-text__content\">\n<div style=\"height:20px\" aria-hidden=\"true\" class=\"wp-block-spacer\"><\/div>\n\n\n\n<h1><strong><strong><strong><strong>COLECTEAZ\u0102 SELECTIV \u00ceN MAGAZINELE GEROVITAL \u267b<\/strong><\/strong><\/strong><\/strong><\/h1>\n\n\n\n<p>Returneaz\u0103 4 ambalaje &#8211; golite de con\u021binut, cl\u0103tite pe interior \u0219i cur\u0103\u021bate &#8211; din portofoliul Farmec \u0219i prime\u0219ti&nbsp;<strong>un produs cadou.<\/strong>&nbsp;Pentru c\u0103 ne place s\u0103 te surprindem, cadoul se schimb\u0103 \u00een fiecare lun\u0103!<\/p>\n\n\n\n<p>\u00cen luna mai, cadoul este la alegere \u00eentre:<\/p>\n\n\n\n<ul><li>Farmec Benzi Depilatoare pentru Corp cu Scor\u021bi\u0219oar\u0103<\/li><\/ul>\n\n\n\n<p><img loading=\"lazy\" height=\"16\" width=\"16\" src=\"https:\/\/static.xx.fbcdn.net\/images\/emoji.php\/v9\/t94\/1\/16\/1f49a.png\" alt=\"????\"> Balsamul Exfoliant Niacinamide \u0219i S\u00e2mburi de Caise, Gerovital Plant<br><img loading=\"lazy\" height=\"16\" width=\"16\" src=\"https:\/\/static.xx.fbcdn.net\/images\/emoji.php\/v9\/t94\/1\/16\/1f49a.png\" alt=\"????\"> Booster-ul Regenerare cu Ceramide, Gerovital Plant<\/p>\n\n\n\n<p><\/p>\n\n\n\n<h4 class=\"has-small-font-size\">Ofert\u0103 valabil\u0103 p\u00e2n\u0103 \u00een 31 mai 2026, \u00een limita stocului disponibil.<\/h4>\n\n\n\n<p><strong>Exclusiv pentru membrii BeautyCLUB Gerovital<\/strong><\/p>\n<\/div><\/div>\n\n\n\n<hr class=\"wp-block-separator has-text-color has-background has-black-background-color has-black-color is-style-default\"\/>\n\n\n\n<div class=\"wp-block-media-text alignwide is-stacked-on-mobile\"><figure class=\"wp-block-media-text__media\"><img loading=\"lazy\" width=\"1024\" height=\"1024\" src=\"https:\/\/www.farmec.ro\/compania\/wp-content\/uploads\/2026\/04\/09_geluri-de-dus_deo_0326_1080x1080px-1024x1024.jpg\" alt=\"\" class=\"wp-image-46455 size-full\" srcset=\"https:\/\/www.farmec.ro\/compania\/wp-content\/uploads\/2026\/04\/09_geluri-de-dus_deo_0326_1080x1080px-1024x1024.jpg 1024w, https:\/\/www.farmec.ro\/compania\/wp-content\/uploads\/2026\/04\/09_geluri-de-dus_deo_0326_1080x1080px-300x300.jpg 300w, https:\/\/www.farmec.ro\/compania\/wp-content\/uploads\/2026\/04\/09_geluri-de-dus_deo_0326_1080x1080px-150x150.jpg 150w, https:\/\/www.farmec.ro\/compania\/wp-content\/uploads\/2026\/04\/09_geluri-de-dus_deo_0326_1080x1080px-768x768.jpg 768w, https:\/\/www.farmec.ro\/compania\/wp-content\/uploads\/2026\/04\/09_geluri-de-dus_deo_0326_1080x1080px-377x377.jpg 377w, https:\/\/www.farmec.ro\/compania\/wp-content\/uploads\/2026\/04\/09_geluri-de-dus_deo_0326_1080x1080px-216x216.jpg 216w, https:\/\/www.farmec.ro\/compania\/wp-content\/uploads\/2026\/04\/09_geluri-de-dus_deo_0326_1080x1080px-378x378.jpg 378w, https:\/\/www.farmec.ro\/compania\/wp-content\/uploads\/2026\/04\/09_geluri-de-dus_deo_0326_1080x1080px-338x338.jpg 338w, https:\/\/www.farmec.ro\/compania\/wp-content\/uploads\/2026\/04\/09_geluri-de-dus_deo_0326_1080x1080px.jpg 1080w\" sizes=\"(max-width: 1024px) 100vw, 1024px\" \/><\/figure><div class=\"wp-block-media-text__content\">\n<div style=\"height:20px\" aria-hidden=\"true\" class=\"wp-block-spacer\"><\/div>\n\n\n\n<h1><strong>\u00cengrijire corporal\u0103 cu Gerov<\/strong>ital<\/h1>\n\n\n\n<p>Beneficiezi p\u00e2n\u0103 la <strong>30% DISCOUNT<\/strong> la achizi\u021bia oric\u0103ror 2 produse identice dintre cele selectate.<br><\/p>\n\n\n\n<h4 class=\"has-small-font-size\">Ofert\u0103 valabil\u0103 p\u00e2n\u0103 \u00een 18 mai 2026, \u00een limita stocului disponibil.<\/h4>\n\n\n\n<p><\/p>\n<\/div><\/div>\n\n\n\n<hr class=\"wp-block-separator has-text-color has-background has-black-background-color has-black-color is-style-default\"\/>\n\n\n\n<div class=\"wp-block-media-text alignwide is-stacked-on-mobile\"><figure class=\"wp-block-media-text__media\"><img loading=\"lazy\" width=\"1024\" height=\"1024\" src=\"https:\/\/www.farmec.ro\/compania\/wp-content\/uploads\/2026\/04\/10_GL_0326_1080x1080px-1-1024x1024.jpg\" alt=\"\" class=\"wp-image-46481 size-full\" srcset=\"https:\/\/www.farmec.ro\/compania\/wp-content\/uploads\/2026\/04\/10_GL_0326_1080x1080px-1-1024x1024.jpg 1024w, https:\/\/www.farmec.ro\/compania\/wp-content\/uploads\/2026\/04\/10_GL_0326_1080x1080px-1-300x300.jpg 300w, https:\/\/www.farmec.ro\/compania\/wp-content\/uploads\/2026\/04\/10_GL_0326_1080x1080px-1-150x150.jpg 150w, https:\/\/www.farmec.ro\/compania\/wp-content\/uploads\/2026\/04\/10_GL_0326_1080x1080px-1-768x768.jpg 768w, https:\/\/www.farmec.ro\/compania\/wp-content\/uploads\/2026\/04\/10_GL_0326_1080x1080px-1-377x377.jpg 377w, https:\/\/www.farmec.ro\/compania\/wp-content\/uploads\/2026\/04\/10_GL_0326_1080x1080px-1-216x216.jpg 216w, https:\/\/www.farmec.ro\/compania\/wp-content\/uploads\/2026\/04\/10_GL_0326_1080x1080px-1-378x378.jpg 378w, https:\/\/www.farmec.ro\/compania\/wp-content\/uploads\/2026\/04\/10_GL_0326_1080x1080px-1-338x338.jpg 338w, https:\/\/www.farmec.ro\/compania\/wp-content\/uploads\/2026\/04\/10_GL_0326_1080x1080px-1.jpg 1080w\" sizes=\"(max-width: 1024px) 100vw, 1024px\" \/><\/figure><div class=\"wp-block-media-text__content\">\n<div style=\"height:20px\" aria-hidden=\"true\" class=\"wp-block-spacer\"><\/div>\n\n\n\n<h1><strong>\u00cencearc\u0103 \u0219i tu Gerovital Luxury<\/strong><\/h1>\n\n\n\n<p>Beneficiezi de <strong>25% <\/strong>DISCOUNT la produsele selectate din gam\u0103.<br><\/p>\n\n\n\n<h4 class=\"has-small-font-size\">Ofert\u0103 valabil\u0103 p\u00e2n\u0103 \u00een 18 mai 2026, \u00een limita stocului disponibil.<\/h4>\n\n\n\n<p><\/p>\n<\/div><\/div>\n\n\n\n<hr class=\"wp-block-separator has-text-color has-background has-black-background-color has-black-color is-style-default\"\/>\n\n\n\n<div class=\"wp-block-media-text alignwide is-stacked-on-mobile\"><figure class=\"wp-block-media-text__media\"><img loading=\"lazy\" width=\"1024\" height=\"1024\" src=\"https:\/\/www.farmec.ro\/compania\/wp-content\/uploads\/2026\/04\/11_GB_0326_1080x1080px-1-1024x1024.jpg\" alt=\"\" class=\"wp-image-46484 size-full\" srcset=\"https:\/\/www.farmec.ro\/compania\/wp-content\/uploads\/2026\/04\/11_GB_0326_1080x1080px-1-1024x1024.jpg 1024w, https:\/\/www.farmec.ro\/compania\/wp-content\/uploads\/2026\/04\/11_GB_0326_1080x1080px-1-300x300.jpg 300w, https:\/\/www.farmec.ro\/compania\/wp-content\/uploads\/2026\/04\/11_GB_0326_1080x1080px-1-150x150.jpg 150w, https:\/\/www.farmec.ro\/compania\/wp-content\/uploads\/2026\/04\/11_GB_0326_1080x1080px-1-768x768.jpg 768w, https:\/\/www.farmec.ro\/compania\/wp-content\/uploads\/2026\/04\/11_GB_0326_1080x1080px-1-377x377.jpg 377w, https:\/\/www.farmec.ro\/compania\/wp-content\/uploads\/2026\/04\/11_GB_0326_1080x1080px-1-216x216.jpg 216w, https:\/\/www.farmec.ro\/compania\/wp-content\/uploads\/2026\/04\/11_GB_0326_1080x1080px-1-378x378.jpg 378w, https:\/\/www.farmec.ro\/compania\/wp-content\/uploads\/2026\/04\/11_GB_0326_1080x1080px-1-338x338.jpg 338w, https:\/\/www.farmec.ro\/compania\/wp-content\/uploads\/2026\/04\/11_GB_0326_1080x1080px-1.jpg 1080w\" sizes=\"(max-width: 1024px) 100vw, 1024px\" \/><\/figure><div class=\"wp-block-media-text__content\">\n<div style=\"height:20px\" aria-hidden=\"true\" class=\"wp-block-spacer\"><\/div>\n\n\n\n<h1><strong>Color your confidence cu Gerovital Beauty<\/strong><\/h1>\n\n\n\n<p>Beneficiezi de <strong>30% DISCOUNT<\/strong> pentru o selec\u021bie de produse de makeup.<br><\/p>\n\n\n\n<h4 class=\"has-small-font-size\">Ofert\u0103 valabil\u0103 p\u00e2n\u0103 \u00een 21 mai 2026, \u00een limita stocului disponibil.<\/h4>\n\n\n\n<p><\/p>\n<\/div><\/div>\n\n\n\n<hr class=\"wp-block-separator has-text-color has-background has-black-background-color has-black-color is-style-default\"\/>\n\n\n\n<div class=\"wp-block-media-text alignwide is-stacked-on-mobile\"><figure class=\"wp-block-media-text__media\"><img loading=\"lazy\" width=\"1024\" height=\"1024\" src=\"https:\/\/www.farmec.ro\/compania\/wp-content\/uploads\/2026\/04\/ads_google_1080x1080_tombolaBC-1-1024x1024.jpg\" alt=\"\" class=\"wp-image-46466 size-full\" srcset=\"https:\/\/www.farmec.ro\/compania\/wp-content\/uploads\/2026\/04\/ads_google_1080x1080_tombolaBC-1-1024x1024.jpg 1024w, https:\/\/www.farmec.ro\/compania\/wp-content\/uploads\/2026\/04\/ads_google_1080x1080_tombolaBC-1-300x300.jpg 300w, https:\/\/www.farmec.ro\/compania\/wp-content\/uploads\/2026\/04\/ads_google_1080x1080_tombolaBC-1-150x150.jpg 150w, https:\/\/www.farmec.ro\/compania\/wp-content\/uploads\/2026\/04\/ads_google_1080x1080_tombolaBC-1-768x768.jpg 768w, https:\/\/www.farmec.ro\/compania\/wp-content\/uploads\/2026\/04\/ads_google_1080x1080_tombolaBC-1-377x377.jpg 377w, https:\/\/www.farmec.ro\/compania\/wp-content\/uploads\/2026\/04\/ads_google_1080x1080_tombolaBC-1-216x216.jpg 216w, https:\/\/www.farmec.ro\/compania\/wp-content\/uploads\/2026\/04\/ads_google_1080x1080_tombolaBC-1-378x378.jpg 378w, https:\/\/www.farmec.ro\/compania\/wp-content\/uploads\/2026\/04\/ads_google_1080x1080_tombolaBC-1-338x338.jpg 338w, https:\/\/www.farmec.ro\/compania\/wp-content\/uploads\/2026\/04\/ads_google_1080x1080_tombolaBC-1.jpg 1080w\" sizes=\"(max-width: 1024px) 100vw, 1024px\" \/><\/figure><div class=\"wp-block-media-text__content\">\n<div style=\"height:20px\" aria-hidden=\"true\" class=\"wp-block-spacer\"><\/div>\n\n\n\n<h1><strong>C\u00e2\u0219tig\u0103 o croazier\u0103 mediteranean\u0103 &amp; premii exclusive<\/strong><\/h1>\n\n\n\n<p>Cum participi? <\/p>\n\n\n\n<p><img loading=\"lazy\" height=\"16\" width=\"16\" src=\"https:\/\/static.xx.fbcdn.net\/images\/emoji.php\/v9\/t7a\/1\/16\/31_20e3.png\" alt=\"1\ufe0f\u20e3\"> Asigur\u0103-te c\u0103 e\u0219ti membru BeautyCLUB Gerovital<\/p>\n\n\n\n<p><img loading=\"lazy\" height=\"16\" width=\"16\" src=\"https:\/\/static.xx.fbcdn.net\/images\/emoji.php\/v9\/t99\/1\/16\/32_20e3.png\" alt=\"2\ufe0f\u20e3\"> Cump\u0103r\u0103 produsele tale preferate, de minimum 99 lei. <\/p>\n\n\n\n<p><img loading=\"lazy\" height=\"16\" width=\"16\" src=\"https:\/\/static.xx.fbcdn.net\/images\/emoji.php\/v9\/tb8\/1\/16\/33_20e3.png\" alt=\"3\ufe0f\u20e3\"> \u00censcrie-te \u00een curs\u0103 \u0219i preg\u0103te\u0219te-\u021bi bagajele!<\/p>\n\n\n\n<p><br><\/p>\n\n\n\n<h4 class=\"has-small-font-size\">Ofert\u0103 valabil\u0103 p\u00e2n\u0103 \u00een 25 mai 2026, \u00een limita stocului disponibil.<\/h4>\n\n\n\n<p><\/p>\n<\/div><\/div>\n\n\n\n<hr class=\"wp-block-separator has-text-color has-background has-black-background-color has-black-color is-style-default\"\/>\n\n\n\n<div class=\"wp-block-media-text alignwide is-stacked-on-mobile\"><figure class=\"wp-block-media-text__media\"><img loading=\"lazy\" width=\"1024\" height=\"1024\" src=\"https:\/\/www.farmec.ro\/compania\/wp-content\/uploads\/2026\/04\/08_GSUN_DSUN_0326_1080x1080px-1024x1024.jpg\" alt=\"\" class=\"wp-image-46451 size-full\" srcset=\"https:\/\/www.farmec.ro\/compania\/wp-content\/uploads\/2026\/04\/08_GSUN_DSUN_0326_1080x1080px-1024x1024.jpg 1024w, https:\/\/www.farmec.ro\/compania\/wp-content\/uploads\/2026\/04\/08_GSUN_DSUN_0326_1080x1080px-300x300.jpg 300w, https:\/\/www.farmec.ro\/compania\/wp-content\/uploads\/2026\/04\/08_GSUN_DSUN_0326_1080x1080px-150x150.jpg 150w, https:\/\/www.farmec.ro\/compania\/wp-content\/uploads\/2026\/04\/08_GSUN_DSUN_0326_1080x1080px-768x768.jpg 768w, https:\/\/www.farmec.ro\/compania\/wp-content\/uploads\/2026\/04\/08_GSUN_DSUN_0326_1080x1080px-377x377.jpg 377w, https:\/\/www.farmec.ro\/compania\/wp-content\/uploads\/2026\/04\/08_GSUN_DSUN_0326_1080x1080px-216x216.jpg 216w, https:\/\/www.farmec.ro\/compania\/wp-content\/uploads\/2026\/04\/08_GSUN_DSUN_0326_1080x1080px-378x378.jpg 378w, https:\/\/www.farmec.ro\/compania\/wp-content\/uploads\/2026\/04\/08_GSUN_DSUN_0326_1080x1080px-338x338.jpg 338w, https:\/\/www.farmec.ro\/compania\/wp-content\/uploads\/2026\/04\/08_GSUN_DSUN_0326_1080x1080px.jpg 1080w\" sizes=\"(max-width: 1024px) 100vw, 1024px\" \/><\/figure><div class=\"wp-block-media-text__content\">\n<div style=\"height:20px\" aria-hidden=\"true\" class=\"wp-block-spacer\"><\/div>\n\n\n\n<h1><strong>A \u00eenceput sun smart season <\/strong><\/h1>\n\n\n\n<p>\u00cencepe sezonul cald cu discount de 35% la o selec\u021bie de produse destinate protec\u021biei solare.<br><\/p>\n\n\n\n<h4 class=\"has-small-font-size\">Ofert\u0103 valabil\u0103 p\u00e2n\u0103 \u00een 30 septembrie 2026, \u00een limita stocului disponibil.<\/h4>\n\n\n\n<p><\/p>\n<\/div><\/div>\n\n\n\n<ul><li><span style=\"text-decoration: underline;\"><a href=\"https:\/\/www.farmec.ro\/compania\/wp-content\/uploads\/2024\/02\/REGULAMENT-OFICIAL-PROGRAM-COLECTARE-SELECTIVA-MAGAZINE-FARMEC-GEROVITAL-2024.pdf\"><strong>Regulament oficial Campanie Colectare Selectiv\u0103<\/strong><\/a><\/span><\/li><\/ul>\n\n\n\n<ul><li><a href=\"https:\/\/www.farmec.ro\/compania\/wp-content\/uploads\/2024\/09\/Act-aditional-1-Regulament-colectare-selectiva-Sept-2024.pdf\"><strong><span style=\"text-decoration: underline;\">Act Adi\u021bional nr. 1 la Regulamentul oficial Campanie Colectare Selectiv\u0103<\/span><\/strong><\/a><\/li><li><span style=\"text-decoration: underline;\"><a href=\"https:\/\/www.farmec.ro\/compania\/wp-content\/uploads\/2025\/02\/Act-aditional-2-Regulament-colectare-selectiva-2024.pdf\" target=\"_blank\" rel=\"noreferrer noopener\"><strong>Act Aditional nr. 2 la Regulamentul oficial Campanie Colectare Selectiv\u0103<\/strong><\/a><\/span><\/li><li><strong><a href=\"https:\/\/www.farmec.ro\/compania\/wp-content\/uploads\/2025\/08\/Act-aditional-3-Regulament-colectare-selectiva-2025.pdf\" target=\"_blank\" rel=\"noreferrer noopener\"><span style=\"text-decoration: underline;\">Act Aditional nr. 3 la Regulamentul oficial Campanie Colectare Selectiva<\/span><\/a><\/strong><\/li><\/ul>\n\n\n\n<ul><li>Promo\u021biile sunt valabile \u00een magazine Farmec \u0219i Gerovital, \u00een limita stocului disponibil. <\/li><li>Pentru detalii \u00eentreab\u0103 un Beauty Adviser \u00een <a rel=\"noreferrer noopener\" href=\"https:\/\/www.farmec.ro\/compania\/magazinele-noastre\/\" target=\"_blank\"><span style=\"text-decoration: underline;\"><strong>magazinul din ora\u0219ul t\u0103u<\/strong><\/span><\/a>. <\/li><\/ul>\n\n\n\n<p><\/p>\n","protected":false},"excerpt":{"rendered":"<p>Regulament oficial Campanie Colectare Selectiv\u0103 Act Adi\u021bional nr. 1 la Regulamentul oficial Campanie Colectare Selectiv\u0103 Act Aditional nr. 2 la Regulamentul oficial Campanie Colectare Selectiv\u0103 Act Aditional nr. 3 la Regulamentul oficial Campanie Colectare Selectiva Promo\u021biile sunt valabile \u00een magazine Farmec \u0219i Gerovital, \u00een limita stocului disponibil. Pentru detalii \u00eentreab\u0103 un Beauty Adviser \u00een magazinul [&hellip;]<\/p>\n","protected":false},"author":12,"featured_media":0,"parent":0,"menu_order":0,"comment_status":"closed","ping_status":"closed","template":"","meta":[],"yoast_head":"<!-- This site is optimized with the Yoast SEO plugin v18.4.1 - https:\/\/yoast.com\/wordpress\/plugins\/seo\/ -->\n<title>Promo\u021biile lunii \u00een magazinele Gerovital &mdash; FARMEC<\/title>\n<meta name=\"description\" content=\"Descoper\u0103 promo\u021biile lunii \u00een magazinele Farmec \u0219i Gerovital. Te a\u0219tept\u0103m cu drag!\" \/>\n<meta name=\"robots\" content=\"index, follow, max-snippet:-1, max-image-preview:large, max-video-preview:-1\" \/>\n<link rel=\"canonical\" href=\"https:\/\/www.farmec.ro\/compania\/promotii-magazine\/\" \/>\n<meta property=\"og:locale\" content=\"ro_RO\" \/>\n<meta property=\"og:type\" content=\"article\" \/>\n<meta property=\"og:title\" content=\"Promo\u021biile lunii \u00een magazinele Gerovital &mdash; FARMEC\" \/>\n<meta property=\"og:description\" content=\"Descoper\u0103 promo\u021biile lunii \u00een magazinele Farmec \u0219i Gerovital. Te a\u0219tept\u0103m cu drag!\" \/>\n<meta property=\"og:url\" content=\"https:\/\/www.farmec.ro\/compania\/promotii-magazine\/\" \/>\n<meta property=\"og:site_name\" content=\"FARMEC\" \/>\n<meta property=\"article:modified_time\" content=\"2026-04-30T12:29:10+00:00\" \/>\n<meta property=\"og:image\" content=\"https:\/\/www.farmec.ro\/compania\/wp-content\/uploads\/2026\/04\/postare-reciclare_cadoul-lunii-mai_FB_Insta_0426_1080x1080px-1-1024x1024.jpg\" \/>\n<meta name=\"twitter:card\" content=\"summary_large_image\" \/>\n<meta name=\"twitter:label1\" content=\"Est. reading time\" \/>\n\t<meta name=\"twitter:data1\" content=\"4 minute\" \/>\n<script type=\"application\/ld+json\" class=\"yoast-schema-graph\">{\"@context\":\"https:\/\/schema.org\",\"@graph\":[{\"@type\":\"WebSite\",\"@id\":\"https:\/\/www.farmec.ro\/compania\/#website\",\"url\":\"https:\/\/www.farmec.ro\/compania\/\",\"name\":\"FARMEC\",\"description\":\"Brand Rom\u00e2nesc\",\"potentialAction\":[{\"@type\":\"SearchAction\",\"target\":{\"@type\":\"EntryPoint\",\"urlTemplate\":\"https:\/\/www.farmec.ro\/compania\/?s={search_term_string}\"},\"query-input\":\"required name=search_term_string\"}],\"inLanguage\":\"ro-RO\"},{\"@type\":\"ImageObject\",\"@id\":\"https:\/\/www.farmec.ro\/compania\/promotii-magazine\/#primaryimage\",\"inLanguage\":\"ro-RO\",\"url\":\"https:\/\/www.farmec.ro\/compania\/wp-content\/uploads\/2026\/04\/postare-reciclare_cadoul-lunii-mai_FB_Insta_0426_1080x1080px-1.jpg\",\"contentUrl\":\"https:\/\/www.farmec.ro\/compania\/wp-content\/uploads\/2026\/04\/postare-reciclare_cadoul-lunii-mai_FB_Insta_0426_1080x1080px-1.jpg\",\"width\":1080,\"height\":1080},{\"@type\":\"WebPage\",\"@id\":\"https:\/\/www.farmec.ro\/compania\/promotii-magazine\/#webpage\",\"url\":\"https:\/\/www.farmec.ro\/compania\/promotii-magazine\/\",\"name\":\"Promo\u021biile lunii \u00een magazinele Gerovital &mdash; FARMEC\",\"isPartOf\":{\"@id\":\"https:\/\/www.farmec.ro\/compania\/#website\"},\"primaryImageOfPage\":{\"@id\":\"https:\/\/www.farmec.ro\/compania\/promotii-magazine\/#primaryimage\"},\"datePublished\":\"2020-09-01T12:46:48+00:00\",\"dateModified\":\"2026-04-30T12:29:10+00:00\",\"description\":\"Descoper\u0103 promo\u021biile lunii \u00een magazinele Farmec \u0219i Gerovital. Te a\u0219tept\u0103m cu drag!\",\"breadcrumb\":{\"@id\":\"https:\/\/www.farmec.ro\/compania\/promotii-magazine\/#breadcrumb\"},\"inLanguage\":\"ro-RO\",\"potentialAction\":[{\"@type\":\"ReadAction\",\"target\":[\"https:\/\/www.farmec.ro\/compania\/promotii-magazine\/\"]}]},{\"@type\":\"BreadcrumbList\",\"@id\":\"https:\/\/www.farmec.ro\/compania\/promotii-magazine\/#breadcrumb\",\"itemListElement\":[{\"@type\":\"ListItem\",\"position\":1,\"name\":\"Acas\u0103\",\"item\":\"https:\/\/www.farmec.ro\/compania\/\"},{\"@type\":\"ListItem\",\"position\":2,\"name\":\"Promo\u021biile lunii \u00een magazinele Gerovital\"}]}]}<\/script>\n<!-- \/ Yoast SEO plugin. -->","yoast_head_json":{"title":"Promo\u021biile lunii \u00een magazinele Gerovital &mdash; FARMEC","description":"Descoper\u0103 promo\u021biile lunii \u00een magazinele Farmec \u0219i Gerovital. Te a\u0219tept\u0103m cu drag!","robots":{"index":"index","follow":"follow","max-snippet":"max-snippet:-1","max-image-preview":"max-image-preview:large","max-video-preview":"max-video-preview:-1"},"canonical":"https:\/\/www.farmec.ro\/compania\/promotii-magazine\/","og_locale":"ro_RO","og_type":"article","og_title":"Promo\u021biile lunii \u00een magazinele Gerovital &mdash; FARMEC","og_description":"Descoper\u0103 promo\u021biile lunii \u00een magazinele Farmec \u0219i Gerovital. Te a\u0219tept\u0103m cu drag!","og_url":"https:\/\/www.farmec.ro\/compania\/promotii-magazine\/","og_site_name":"FARMEC","article_modified_time":"2026-04-30T12:29:10+00:00","og_image":[{"url":"https:\/\/www.farmec.ro\/compania\/wp-content\/uploads\/2026\/04\/postare-reciclare_cadoul-lunii-mai_FB_Insta_0426_1080x1080px-1-1024x1024.jpg"}],"twitter_card":"summary_large_image","twitter_misc":{"Est. reading time":"4 minute"},"schema":{"@context":"https:\/\/schema.org","@graph":[{"@type":"WebSite","@id":"https:\/\/www.farmec.ro\/compania\/#website","url":"https:\/\/www.farmec.ro\/compania\/","name":"FARMEC","description":"Brand Rom\u00e2nesc","potentialAction":[{"@type":"SearchAction","target":{"@type":"EntryPoint","urlTemplate":"https:\/\/www.farmec.ro\/compania\/?s={search_term_string}"},"query-input":"required name=search_term_string"}],"inLanguage":"ro-RO"},{"@type":"ImageObject","@id":"https:\/\/www.farmec.ro\/compania\/promotii-magazine\/#primaryimage","inLanguage":"ro-RO","url":"https:\/\/www.farmec.ro\/compania\/wp-content\/uploads\/2026\/04\/postare-reciclare_cadoul-lunii-mai_FB_Insta_0426_1080x1080px-1.jpg","contentUrl":"https:\/\/www.farmec.ro\/compania\/wp-content\/uploads\/2026\/04\/postare-reciclare_cadoul-lunii-mai_FB_Insta_0426_1080x1080px-1.jpg","width":1080,"height":1080},{"@type":"WebPage","@id":"https:\/\/www.farmec.ro\/compania\/promotii-magazine\/#webpage","url":"https:\/\/www.farmec.ro\/compania\/promotii-magazine\/","name":"Promo\u021biile lunii \u00een magazinele Gerovital &mdash; FARMEC","isPartOf":{"@id":"https:\/\/www.farmec.ro\/compania\/#website"},"primaryImageOfPage":{"@id":"https:\/\/www.farmec.ro\/compania\/promotii-magazine\/#primaryimage"},"datePublished":"2020-09-01T12:46:48+00:00","dateModified":"2026-04-30T12:29:10+00:00","description":"Descoper\u0103 promo\u021biile lunii \u00een magazinele Farmec \u0219i Gerovital. Te a\u0219tept\u0103m cu drag!","breadcrumb":{"@id":"https:\/\/www.farmec.ro\/compania\/promotii-magazine\/#breadcrumb"},"inLanguage":"ro-RO","potentialAction":[{"@type":"ReadAction","target":["https:\/\/www.farmec.ro\/compania\/promotii-magazine\/"]}]},{"@type":"BreadcrumbList","@id":"https:\/\/www.farmec.ro\/compania\/promotii-magazine\/#breadcrumb","itemListElement":[{"@type":"ListItem","position":1,"name":"Acas\u0103","item":"https:\/\/www.farmec.ro\/compania\/"},{"@type":"ListItem","position":2,"name":"Promo\u021biile lunii \u00een magazinele Gerovital"}]}]}},"_links":{"self":[{"href":"https:\/\/www.farmec.ro\/compania\/wp-json\/wp\/v2\/pages\/19710"}],"collection":[{"href":"https:\/\/www.farmec.ro\/compania\/wp-json\/wp\/v2\/pages"}],"about":[{"href":"https:\/\/www.farmec.ro\/compania\/wp-json\/wp\/v2\/types\/page"}],"author":[{"embeddable":true,"href":"https:\/\/www.farmec.ro\/compania\/wp-json\/wp\/v2\/users\/12"}],"replies":[{"embeddable":true,"href":"https:\/\/www.farmec.ro\/compania\/wp-json\/wp\/v2\/comments?post=19710"}],"version-history":[{"count":566,"href":"https:\/\/www.farmec.ro\/compania\/wp-json\/wp\/v2\/pages\/19710\/revisions"}],"predecessor-version":[{"id":46578,"href":"https:\/\/www.farmec.ro\/compania\/wp-json\/wp\/v2\/pages\/19710\/revisions\/46578"}],"wp:attachment":[{"href":"https:\/\/www.farmec.ro\/compania\/wp-json\/wp\/v2\/media?parent=19710"}],"curies":[{"name":"wp","href":"https:\/\/api.w.org\/{rel}","templated":true}]}}