{"id":20300,"date":"2021-06-03T11:37:10","date_gmt":"2021-06-03T11:37:10","guid":{"rendered":"https:\/\/www.farmec.ro\/compania\/?page_id=20300"},"modified":"2021-06-03T11:37:38","modified_gmt":"2021-06-03T11:37:38","slug":"politica-de-confidentialitate-candidati","status":"publish","type":"page","link":"https:\/\/www.farmec.ro\/compania\/politica-de-confidentialitate-candidati\/","title":{"rendered":"Politica de confiden\u021bialitate privind procesul de recrutare \u0219i selec\u021bie \u00een cadrul FARMEC SA (pentru conformitate cu prevederile Regulamentului UE 2016\/679 (GDPR))"},"content":{"rendered":"\n<p>Ca parte a oric\u0103rui proces de recrutare \u0219i selec\u021bie, FARMEC SA colecteaz\u0103 \u0219i proceseaz\u0103 date personale referitoare la candida\u021bii care aplic\u0103 pentru locurile de munc\u0103 vacante. Organiza\u021bia se angajeaz\u0103 s\u0103 fie transparent\u0103 cu privire la modul \u00een care colecteaz\u0103 \u0219i utilizeaz\u0103 aceste date \u0219i \u00ee\u0219i \u00eendepline\u0219te obliga\u021biile \u00een ceea ce prive\u0219te protec\u021bia datelor.<br>\u00ad<br>Atunci c\u00e2nd aplica\u021bi pentru un loc de munc\u0103 postat de noi, aceste prevederi privind confiden\u021bialitatea se vor aplica prelucr\u0103rii informa\u021biilor dvs. personale, \u00een plus fa\u021b\u0103 de celelalte notific\u0103ri privind confiden\u021bialitatea, care v-au fost furnizate separat sau sunt disponibile pe site-ul nostru. Pentru a aplica la pozi\u021biile pe care le avem vacante, nu este necesar s\u0103 v\u0103 crea\u021bi un cont de utilizator, pute\u021bi ata\u0219a \u0219i trimite direct CV-ul, iar datele colectate sunt cele men\u021bionate \u00een CV \u0219i \u00een alte documente pe care alege\u021bi s\u0103 le ata\u0219a\u021bi (ex. scrisoare de inten\u021bie, recomand\u0103ri, etc.).<\/p>\n\n\n\n<p><strong>Ce informa\u021bii colect\u0103m?<br><\/strong>\u00cen cadrul proceselor de recrutare \u0219i selec\u021bie, FARMEC SA colecteaz\u0103 o serie de informa\u021bii despre dvs. care includ:<\/p>\n\n\n\n<ul><li>numele, adresa \u0219i datele de contact, inclusiv adresa de e-mail \u0219i num\u0103rul de telefon, data na\u0219terii;<\/li><li>detalii privind studiile, calific\u0103rile, aptitudinile, experien\u021ba \u0219i istoricul locurilor de munc\u0103, perioada de preaviz la actualul loc de munc\u0103;<\/li><li>informa\u021biile personale men\u021bionate \u00een CV: stare civil\u0103, fotografii, conturile de social media, hobby-uri, distinc\u021bii \u0219i premii;<\/li><li>informa\u021bii despre nivelul dvs. actual de remunera\u021bie \u0219i nivelul de remunera\u021bie dorit, inclusiv drepturile la beneficii;&nbsp;<\/li><\/ul>\n\n\n\n<p>De asemenea, Farmec SA poate colecta \u0219i urm\u0103toarele informa\u021bii:<\/p>\n\n\n\n<ul><li>dac\u0103 ave\u021bi sau nu un handicap pentru care organiza\u021bia trebuie s\u0103 fac\u0103 ajust\u0103ri rezonabile \u00een timpul procesului de recrutare \u0219i<\/li><li>informa\u021bii despre dreptul dvs. la munc\u0103 \u00een Rom\u00e2nia.<\/li><\/ul>\n\n\n\n<p>FARMEC SA poate colecta aceste informa\u021bii \u00eentr-o varietate de moduri. De exemplu, datele pot fi con\u021binute \u00een formularele de cerere, CV-uri, scrisori de inten\u021bie sau de recomandare, formulare de evaluare pre \u0219i post-interviu, ob\u021binute sau colectate prin intermediul interviurilor sau altor forme de evaluare sau furnizate prin intermediul unui site de locuri de munc\u0103 online, prin e-mail \u0219i\/sau prin orice alt\u0103 metod\u0103. Dac\u0103 dvs. ne contacta\u021bi, putem p\u0103stra o eviden\u021b\u0103 a acestei coresponden\u021be.<br>De asemenea, putem colecta date personale despre dvs. de la ter\u021be p\u0103r\u021bi, cum ar fi referin\u021bele furnizate de fo\u0219tii angajatori. Vom solicita informa\u021bii de la ter\u021be p\u0103r\u021bi numai dup\u0103 ce v\u0103 vom solicita acordul s\u0103 facem acest lucru \u0219i doar dac\u0103 vi-l oferi\u021bi \u00een scris.<\/p>\n\n\n\n<p>Datele vor fi stocate \u00eentr-o serie de loca\u021bii diferite, incluz\u00e2nd sistemele \u00een care se \u00eenregistreaz\u0103 aplica\u021biile, \u00een sistemele de management al resurselor umane \u0219i pe alte sisteme informatice (inclusiv e-mail).<\/p>\n\n\n\n<p><strong>Care este baza legal\u0103 pentru procesare?<br><\/strong>Ne baz\u0103m pe interesul legitim ca baz\u0103 legal\u0103 pentru colectarea \u0219i prelucrarea datele dvs. personale. Interesul nostru legitim este recrutarea \u0219i selec\u021bia de personal pentru afacerea noastr\u0103.<br>FARMEC SA are un interes legitim \u00een prelucrarea datelor cu caracter personal \u00een timpul procesului de recrutare \u0219i selec\u021bie \u0219i \u00een p\u0103strarea \u00eenregistr\u0103rilor procesului. Prelucrarea datelor de la solicitan\u021bii de locuri de munc\u0103 ne permite s\u0103 gestion\u0103m procesul de recrutare \u0219i selec\u021bie, s\u0103 evalu\u0103m \u0219i s\u0103 confirm\u0103m eligibilitatea candidatului pentru angajare \u0219i s\u0103 hot\u0103r\u00e2m cui s\u0103 oferim un loc de munc\u0103.<\/p>\n\n\n\n<p>De asemenea, poate exista necesitatea prelucr\u0103rii datelor de la solicitan\u021bii de locuri de munc\u0103 pentru a r\u0103spunde \u0219i pentru a ne ap\u0103ra \u00eempotriva revendic\u0103rilor legale.<\/p>\n\n\n\n<p><strong>Care sunt scopurile prelucr\u0103rii?<br><\/strong>Prelucr\u0103m datele de\u021binute despre dvs. \u00een scopul unic de recrutare \u0219i selec\u021bie de personal, care implic\u0103:<\/p>\n\n\n\n<ul><li>luarea \u00een considerare a cererii\/aplica\u021biei dvs. la locul de munc\u0103 care este de interes pentru dvs.;<\/li><li>luarea \u00een considerare a cererii\/aplica\u021biei dvs. pentru alte locuri de munc\u0103 vacante care sunt conforme cu studiile, experien\u021ba \u0219i aspira\u021biile dvs. profesionale;<\/li><li>comunicarea cu dvs. pe tot parcursul procesului de recrutare \u0219i selec\u021bie;<\/li><li>consolidarea informa\u021biilor primite de la dvs. cu informa\u021biile care este necesar s\u0103 fie ob\u021binute de la ter\u021bi, doar dac\u0103 ne permite\u021bi acest lucru;<\/li><li>testarea abilit\u0103\u021bilor \u0219i competen\u021belor declarate \u0219i esen\u021biale pozi\u021biei pentru care a\u021bi aplicat;<\/li><li>identificarea candida\u021bilor potrivi\u021bi pentru a ne ocupa locurile de munc\u0103 vacante.<\/li><\/ul>\n\n\n\n<p>Este posibil s\u0103 v\u0103 proces\u0103m datele pentru a v\u0103 face o ofert\u0103 de angajare \u00een vederea \u00eencheierii unui viitor contract cu dvs..<\/p>\n\n\n\n<p>Dac\u0103 aplica\u021bia\/cererea dvs. nu are succes, FARMEC SA v\u0103 poate p\u0103stra datele personale \u00een dosar \u00een cazul \u00een care vor exista oportunit\u0103\u021bi viitoare de angajare care vi se pot potrivi.<\/p>\n\n\n\n<p><strong>Cine are acces la date?<br><\/strong>Limit\u0103m accesul la datele dvs. personale celor care au o nevoie real\u0103 s\u0103 le cunoasc\u0103. Persoanele care proceseaz\u0103 informa\u021biile dvs. vor face acest lucru numai \u00eentr-un mod autorizat \u0219i vor face obiectul unei obliga\u021bii de confiden\u021bialitate.<br>Informa\u021biile dvs. pot fi partajate intern \u00een scopul exerci\u021biului de recrutare. Aceasta include membrii echipei de resurse umane \u0219i de recrutare, intervievatorii implica\u021bi \u00een procesul de recrutare, manageri din zona de activitate cu un post vacant \u0219i personal IT dac\u0103 accesul la date este necesar pentru \u00eendeplinirea rolului lor.<\/p>\n\n\n\n<p>Nu vom transfera datele dvs. unor ter\u021be p\u0103r\u021bi, cu excep\u021bia cazului \u00een care ajunge\u021bi \u00een etapa final\u0103 a procesului de selec\u021bie \u0219i se impune testarea abilit\u0103\u021bilor \u0219i competen\u021belor prin teste\/probe specifice livrate de c\u0103tre o ter\u021b\u0103 parte. Informa\u021bii transferate fiind cele legate de nume, prenume \u0219i datele de contact (e-mail, nr. de telefon), etap\u0103 \u00een care va fi necesar s\u0103 v\u0103 exprima\u021bi \u00een scris acordul furniz\u0103rii acestor informa\u021bii c\u0103tre o ter\u021b\u0103 parte.<\/p>\n\n\n\n<p><strong>Cum protejeaz\u0103 FARMEC SA datele?<br><\/strong>Trat\u0103m foarte serios securitatea datelor. Avem politici interne \u0219i lu\u0103m m\u0103suri corespunz\u0103toare pentru a se asigura c\u0103 toate datele personale sunt p\u0103strate \u00een siguran\u021b\u0103, inclusiv m\u0103suri de securitate pentru a proteja datele personale de riscul de a fi pierdute sau distruse accidental, sau utilizate sau accesate \u00eentr-un mod neautorizat.<\/p>\n\n\n\n<p><strong>Pentru c\u00e2t timp stocheaz\u0103 FARMEC SA datele?<br><\/strong>Dac\u0103 aplica\u021bia dvs. nu a fost selectat\u0103 sau cererea dvs. de angajare nu are succes, organiza\u021bia va p\u0103stra datele dvs. pe suport h\u00e2rtie sau electronic timp de 12 luni de la \u00eencheierea procesului de recrutare relevant pentru a fi luate \u00een considerare pentru viitoarele oportunit\u0103\u021bi de angajare. La sf\u00e2r\u0219itul acestei perioade sau dup\u0103 ce v\u0103 retrage\u021bi consim\u021b\u0103m\u00e2ntul, datele dvs. vor fi \u0219terse sau distruse.<\/p>\n\n\n\n<p>Odat\u0103 cu trimiterea CV-ului, v\u0103 exprima\u021bi acordul ca datele dumneavoastr\u0103 personale s\u0103 fie men\u021binute \u00een baza de date pe parcursul a 12 luni pentru a fi luate \u00een considerare pentru alte pozi\u021bii.<\/p>\n\n\n\n<p>Dac\u0103 aplica\u021bia dvs. a fost selectat\u0103 \u0219i \u00een urma procesului de selec\u021bie desf\u0103\u0219urat vi se face o ofert\u0103 de angajare pe care o accepta\u021bi, datele personale adunate \u00een timpul procesului de recrutare \u0219i selec\u021bie vor fi transferate \u00een dosarul dvs. de resurse umane (pe suport electronic \u0219i pe suport de h\u00e2rtie) \u0219i p\u0103strate pe perioada angaj\u0103rii. Perioadele pentru care vor fi p\u0103strate datele v\u0103 vor fi transmise printr-o alta politic\u0103 de confiden\u021bialitate.<\/p>\n\n\n\n<p><strong>Drepturile dumneavoastr\u0103<br><\/strong>\u00cen temeiul Regulamentului general privind protec\u021bia datelor, \u00een calitate de persoan\u0103 vizat\u0103, ave\u021bi o serie de drepturi importante pe care le pute\u021bi exercita \u00een mod gratuit. \u00cen rezumat, acestea includ dreptul de a:<br>a.&nbsp;<strong>Dreptul de acces<\/strong>&nbsp;\u00eenseamn\u0103 c\u0103 ave\u021bi dreptul de a ob\u021bine o confirmare din partea FARMEC c\u0103 prelucr\u0103m sau nu datele dv., iar dac\u0103 da, s\u0103 v\u0103 oferim acces la aceste date precum \u0219i informa\u021bii despre cum sunt prelucrate;<br>b.&nbsp;<strong>Dreptul la rectificare<\/strong>&nbsp;\u00eenseamn\u0103 ca ave\u021bi dreptul s\u0103 solicita\u021bi rectificarea datelor dumneavoastr\u0103 cu caracter personal, dac\u0103 acestea sunt incorecte, inclusiv dreptul de a completa datele cu caracter personal incomplete;<br>c.&nbsp;<strong>Dreptul la \u0219tergerea datelelor<\/strong>&nbsp;\u00eenseamn\u0103 c\u0103 ave\u021bi dreptul de a ob\u021bine oric\u00e2nd \u0219tergerea datelor cu caracter personal prelucrate de FARMEC, \u00een oricare din urm\u0103toarele situa\u021bii: datele nu mai sunt necesare pentru \u00eendeplinirea scopurilor pentru care au fost colectate sau prelucrate; v\u0103 retrage\u021bi consim\u021b\u0103m\u00e2ntul \u0219i nu exist\u0103 alt temei juridic pentru prelucrare, v\u0103 opune\u021bi prelucr\u0103rii, datele au fost prelucrate ilegal, datele trebuie \u0219terse pentru respectarea unei obliga\u021bii legale sau colectarea s-a facut \u00een leg\u0103tur\u0103 cu oferirea de servicii ale societ\u0103\u021bii informa\u021bionale;<br>d.&nbsp;<strong>Dreptul la restric\u021bionarea prelucr\u0103rii<\/strong>&nbsp;&#8211; ave\u021bi dreptul de a ob\u021bine restric\u021bionarea prelucr\u0103rii datelor cu caracter personal \u00een cazul prelucr\u0103rii inexacte, prelucr\u0103rii ilegale, exercit\u0103rii dreptului la opozi\u021bie;<br>e.&nbsp;<strong>Dreptul de portabilitate a datelor<\/strong>&nbsp;se refer\u0103 la faptul c\u0103 ave\u021bi dreptul s\u0103 ob\u021bine\u021bi datele personale \u00eentr-un format structurat, utilizat \u00een mod curent \u0219i care poate fi citit automat \u0219i are dreptul de a transmite aceste date altui operator;<br>f.&nbsp;<strong>Dreptul la opozi\u021bie<\/strong>&nbsp;\u00eenseamn\u0103 c\u0103 ave\u021bi dreptul s\u0103 v\u0103 opune\u021bi prelucr\u0103rii datelor dumneavoastr\u0103 cu caracter personal bazate pe interesul legitim al FARMEC.<\/p>\n\n\n\n<p>Dac\u0103 dori\u021bi s\u0103 v\u0103 exercita\u021bi oricare dintre aceste drepturi, v\u0103 rug\u0103m s\u0103 transmite\u021bi un email la:&nbsp;<a href=\"mailto:gdpr@farmec.ro\">gdpr@farmec.ro<\/a>.<\/p>\n\n\n\n<p>Dac\u0103 considera\u021bi c\u0103 organiza\u021bia nu a respectat drepturile dvs. privind protec\u021bia datelor personale, ave\u021bi dreptul de a v\u0103 adresa cu o pl\u00e2ngere Autorit\u0103\u021bii de Supraveghere.<\/p>\n\n\n\n<p><strong>Ce se \u00eent\u00e2mpl\u0103 dac\u0103 nu furniza\u021bi date personale?<br><\/strong>\u00cen timpul procesului de recrutare \u0219i selec\u021bie nu ave\u021bi nici o obliga\u021bie legal\u0103 sau contractual\u0103 de a furniza date companiei FARMEC SA. Cu toate acestea, dac\u0103 nu furniza\u021bi informa\u021biile, este posibil s\u0103 nu putem procesa formularul de aplicare corect sau chiar deloc.<\/p>\n","protected":false},"excerpt":{"rendered":"<p>Ca parte a oric\u0103rui proces de recrutare \u0219i selec\u021bie, FARMEC SA colecteaz\u0103 \u0219i proceseaz\u0103 date personale referitoare la candida\u021bii care aplic\u0103 pentru locurile de munc\u0103 vacante. Organiza\u021bia se angajeaz\u0103 s\u0103 fie transparent\u0103 cu privire la modul \u00een care colecteaz\u0103 \u0219i utilizeaz\u0103 aceste date \u0219i \u00ee\u0219i \u00eendepline\u0219te obliga\u021biile \u00een ceea ce prive\u0219te protec\u021bia datelor.\u00adAtunci c\u00e2nd aplica\u021bi [&hellip;]<\/p>\n","protected":false},"author":12,"featured_media":0,"parent":0,"menu_order":0,"comment_status":"closed","ping_status":"closed","template":"","meta":[],"yoast_head":"<!-- This site is optimized with the Yoast SEO plugin v18.4.1 - https:\/\/yoast.com\/wordpress\/plugins\/seo\/ -->\n<title>Politica de confiden\u021bialitate privind procesul de recrutare \u0219i selec\u021bie \u00een cadrul FARMEC SA (pentru conformitate cu prevederile Regulamentului UE 2016\/679 (GDPR)) &mdash; FARMEC<\/title>\n<meta name=\"robots\" content=\"index, follow, max-snippet:-1, max-image-preview:large, max-video-preview:-1\" \/>\n<link rel=\"canonical\" href=\"https:\/\/www.farmec.ro\/compania\/politica-de-confidentialitate-candidati\/\" \/>\n<meta property=\"og:locale\" content=\"ro_RO\" \/>\n<meta property=\"og:type\" content=\"article\" \/>\n<meta property=\"og:title\" content=\"Politica de confiden\u021bialitate privind procesul de recrutare \u0219i selec\u021bie \u00een cadrul FARMEC SA (pentru conformitate cu prevederile Regulamentului UE 2016\/679 (GDPR)) &mdash; FARMEC\" \/>\n<meta property=\"og:description\" content=\"Ca parte a oric\u0103rui proces de recrutare \u0219i selec\u021bie, FARMEC SA colecteaz\u0103 \u0219i proceseaz\u0103 date personale referitoare la candida\u021bii care aplic\u0103 pentru locurile de munc\u0103 vacante. Organiza\u021bia se angajeaz\u0103 s\u0103 fie transparent\u0103 cu privire la modul \u00een care colecteaz\u0103 \u0219i utilizeaz\u0103 aceste date \u0219i \u00ee\u0219i \u00eendepline\u0219te obliga\u021biile \u00een ceea ce prive\u0219te protec\u021bia datelor.\u00adAtunci c\u00e2nd aplica\u021bi [&hellip;]\" \/>\n<meta property=\"og:url\" content=\"https:\/\/www.farmec.ro\/compania\/politica-de-confidentialitate-candidati\/\" \/>\n<meta property=\"og:site_name\" content=\"FARMEC\" \/>\n<meta property=\"article:modified_time\" content=\"2021-06-03T11:37:38+00:00\" \/>\n<meta name=\"twitter:card\" content=\"summary_large_image\" \/>\n<meta name=\"twitter:label1\" content=\"Est. reading time\" \/>\n\t<meta name=\"twitter:data1\" content=\"8 minute\" \/>\n<script type=\"application\/ld+json\" class=\"yoast-schema-graph\">{\"@context\":\"https:\/\/schema.org\",\"@graph\":[{\"@type\":\"WebSite\",\"@id\":\"https:\/\/www.farmec.ro\/compania\/#website\",\"url\":\"https:\/\/www.farmec.ro\/compania\/\",\"name\":\"FARMEC\",\"description\":\"Brand Rom\u00e2nesc\",\"potentialAction\":[{\"@type\":\"SearchAction\",\"target\":{\"@type\":\"EntryPoint\",\"urlTemplate\":\"https:\/\/www.farmec.ro\/compania\/?s={search_term_string}\"},\"query-input\":\"required name=search_term_string\"}],\"inLanguage\":\"ro-RO\"},{\"@type\":\"WebPage\",\"@id\":\"https:\/\/www.farmec.ro\/compania\/politica-de-confidentialitate-candidati\/#webpage\",\"url\":\"https:\/\/www.farmec.ro\/compania\/politica-de-confidentialitate-candidati\/\",\"name\":\"Politica de confiden\u021bialitate privind procesul de recrutare \u0219i selec\u021bie \u00een cadrul FARMEC SA (pentru conformitate cu prevederile Regulamentului UE 2016\/679 (GDPR)) &mdash; FARMEC\",\"isPartOf\":{\"@id\":\"https:\/\/www.farmec.ro\/compania\/#website\"},\"datePublished\":\"2021-06-03T11:37:10+00:00\",\"dateModified\":\"2021-06-03T11:37:38+00:00\",\"breadcrumb\":{\"@id\":\"https:\/\/www.farmec.ro\/compania\/politica-de-confidentialitate-candidati\/#breadcrumb\"},\"inLanguage\":\"ro-RO\",\"potentialAction\":[{\"@type\":\"ReadAction\",\"target\":[\"https:\/\/www.farmec.ro\/compania\/politica-de-confidentialitate-candidati\/\"]}]},{\"@type\":\"BreadcrumbList\",\"@id\":\"https:\/\/www.farmec.ro\/compania\/politica-de-confidentialitate-candidati\/#breadcrumb\",\"itemListElement\":[{\"@type\":\"ListItem\",\"position\":1,\"name\":\"Acas\u0103\",\"item\":\"https:\/\/www.farmec.ro\/compania\/\"},{\"@type\":\"ListItem\",\"position\":2,\"name\":\"Politica de confiden\u021bialitate privind procesul de recrutare \u0219i selec\u021bie \u00een cadrul FARMEC SA (pentru conformitate cu prevederile Regulamentului UE 2016\/679 (GDPR))\"}]}]}<\/script>\n<!-- \/ Yoast SEO plugin. -->","yoast_head_json":{"title":"Politica de confiden\u021bialitate privind procesul de recrutare \u0219i selec\u021bie \u00een cadrul FARMEC SA (pentru conformitate cu prevederile Regulamentului UE 2016\/679 (GDPR)) &mdash; FARMEC","robots":{"index":"index","follow":"follow","max-snippet":"max-snippet:-1","max-image-preview":"max-image-preview:large","max-video-preview":"max-video-preview:-1"},"canonical":"https:\/\/www.farmec.ro\/compania\/politica-de-confidentialitate-candidati\/","og_locale":"ro_RO","og_type":"article","og_title":"Politica de confiden\u021bialitate privind procesul de recrutare \u0219i selec\u021bie \u00een cadrul FARMEC SA (pentru conformitate cu prevederile Regulamentului UE 2016\/679 (GDPR)) &mdash; FARMEC","og_description":"Ca parte a oric\u0103rui proces de recrutare \u0219i selec\u021bie, FARMEC SA colecteaz\u0103 \u0219i proceseaz\u0103 date personale referitoare la candida\u021bii care aplic\u0103 pentru locurile de munc\u0103 vacante. Organiza\u021bia se angajeaz\u0103 s\u0103 fie transparent\u0103 cu privire la modul \u00een care colecteaz\u0103 \u0219i utilizeaz\u0103 aceste date \u0219i \u00ee\u0219i \u00eendepline\u0219te obliga\u021biile \u00een ceea ce prive\u0219te protec\u021bia datelor.\u00adAtunci c\u00e2nd aplica\u021bi [&hellip;]","og_url":"https:\/\/www.farmec.ro\/compania\/politica-de-confidentialitate-candidati\/","og_site_name":"FARMEC","article_modified_time":"2021-06-03T11:37:38+00:00","twitter_card":"summary_large_image","twitter_misc":{"Est. reading time":"8 minute"},"schema":{"@context":"https:\/\/schema.org","@graph":[{"@type":"WebSite","@id":"https:\/\/www.farmec.ro\/compania\/#website","url":"https:\/\/www.farmec.ro\/compania\/","name":"FARMEC","description":"Brand Rom\u00e2nesc","potentialAction":[{"@type":"SearchAction","target":{"@type":"EntryPoint","urlTemplate":"https:\/\/www.farmec.ro\/compania\/?s={search_term_string}"},"query-input":"required name=search_term_string"}],"inLanguage":"ro-RO"},{"@type":"WebPage","@id":"https:\/\/www.farmec.ro\/compania\/politica-de-confidentialitate-candidati\/#webpage","url":"https:\/\/www.farmec.ro\/compania\/politica-de-confidentialitate-candidati\/","name":"Politica de confiden\u021bialitate privind procesul de recrutare \u0219i selec\u021bie \u00een cadrul FARMEC SA (pentru conformitate cu prevederile Regulamentului UE 2016\/679 (GDPR)) &mdash; FARMEC","isPartOf":{"@id":"https:\/\/www.farmec.ro\/compania\/#website"},"datePublished":"2021-06-03T11:37:10+00:00","dateModified":"2021-06-03T11:37:38+00:00","breadcrumb":{"@id":"https:\/\/www.farmec.ro\/compania\/politica-de-confidentialitate-candidati\/#breadcrumb"},"inLanguage":"ro-RO","potentialAction":[{"@type":"ReadAction","target":["https:\/\/www.farmec.ro\/compania\/politica-de-confidentialitate-candidati\/"]}]},{"@type":"BreadcrumbList","@id":"https:\/\/www.farmec.ro\/compania\/politica-de-confidentialitate-candidati\/#breadcrumb","itemListElement":[{"@type":"ListItem","position":1,"name":"Acas\u0103","item":"https:\/\/www.farmec.ro\/compania\/"},{"@type":"ListItem","position":2,"name":"Politica de confiden\u021bialitate privind procesul de recrutare \u0219i selec\u021bie \u00een cadrul FARMEC SA (pentru conformitate cu prevederile Regulamentului UE 2016\/679 (GDPR))"}]}]}},"_links":{"self":[{"href":"https:\/\/www.farmec.ro\/compania\/wp-json\/wp\/v2\/pages\/20300"}],"collection":[{"href":"https:\/\/www.farmec.ro\/compania\/wp-json\/wp\/v2\/pages"}],"about":[{"href":"https:\/\/www.farmec.ro\/compania\/wp-json\/wp\/v2\/types\/page"}],"author":[{"embeddable":true,"href":"https:\/\/www.farmec.ro\/compania\/wp-json\/wp\/v2\/users\/12"}],"replies":[{"embeddable":true,"href":"https:\/\/www.farmec.ro\/compania\/wp-json\/wp\/v2\/comments?post=20300"}],"version-history":[{"count":1,"href":"https:\/\/www.farmec.ro\/compania\/wp-json\/wp\/v2\/pages\/20300\/revisions"}],"predecessor-version":[{"id":20301,"href":"https:\/\/www.farmec.ro\/compania\/wp-json\/wp\/v2\/pages\/20300\/revisions\/20301"}],"wp:attachment":[{"href":"https:\/\/www.farmec.ro\/compania\/wp-json\/wp\/v2\/media?parent=20300"}],"curies":[{"name":"wp","href":"https:\/\/api.w.org\/{rel}","templated":true}]}}