{"id":228,"date":"2020-05-06T14:14:03","date_gmt":"2020-05-06T14:14:03","guid":{"rendered":"https:\/\/www.farmec.ro\/compania\/?page_id=228"},"modified":"2022-11-23T10:55:32","modified_gmt":"2022-11-23T10:55:32","slug":"revista","status":"publish","type":"page","link":"https:\/\/www.farmec.ro\/compania\/revista\/","title":{"rendered":"Revista Gerovital"},"content":{"rendered":"\n<p><strong>Revista Gerovital\u00ae magazine este o publica\u021bie trimestrial\u0103 FARMEC <\/strong>care \u00ee\u0219i propune s\u0103 vorbeasc\u0103 deschis despre frumuse\u021bea natural\u0103 \u0219i mai ales despre natura frumuse\u021bii. Revista este disponibil\u0103 gratuit \u00een format fizic \u00een re\u021beaua celor 26 de magazine de brand Farmec \u0219i Gerovital, \u0219i \u00een format digital. Este o colec\u021bie glossy \u0219i vesel\u0103 de sfaturi de frumuse\u021be, recomand\u0103ri de produse, nout\u0103\u021bi \u0219i ultimele trenduri din lumea cosmeticelor.<\/p>\n\n\n\n<div class=\"wp-container-69d6f02659cb9 wp-block-group revista\"><div class=\"wp-block-group__inner-container\"><div class=\"revista-item\">\n\t<div class=\"revista-item-cover\">\n\t\t<img src=\"https:\/\/www.farmec.ro\/compania\/wp-content\/uploads\/2022\/11\/GEROVITAL_MAGAZINE_TOAMNA_IARNA_2022.jpg\" alt=\"\">\n\t<\/div>\n\t<div class=\"revista-item-content\">\n\t\t<div class=\"revista-item-title\">GEROVITAL\u00ae\ufe0f MAGAZINE &#8211; IARN\u0102 2022<\/div>\n\t\t<div class=\"revista-item-url\">\n\t\t\t\t\t\t<a href=\"https:\/\/www.farmec.ro\/compania\/wp-content\/uploads\/2022\/11\/GEROVITAL_MAGAZINE_TOAMNA_IARNA_2022.pdf\" target=\"_blank\">Descarc\u0103 varianta .pdf<\/a>\n\t\t<\/div>\n\t<\/div>\n<\/div>\n\n<div class=\"revista-item\">\n\t<div class=\"revista-item-cover\">\n\t\t<img src=\"https:\/\/www.farmec.ro\/compania\/wp-content\/uploads\/2022\/08\/Gerovital_magazine_vara2022.jpg\" alt=\"\">\n\t<\/div>\n\t<div class=\"revista-item-content\">\n\t\t<div class=\"revista-item-title\">GEROVITAL\u00ae\ufe0f MAGAZINE &#8211; VAR\u0102 2022<\/div>\n\t\t<div class=\"revista-item-url\">\n\t\t\t\t\t\t<a href=\"https:\/\/www.farmec.ro\/compania\/wp-content\/uploads\/2022\/08\/GEROVITAL_MAGAZINE_VARA_2022.pdf\" target=\"_blank\">Descarc\u0103 varianta .pdf<\/a>\n\t\t<\/div>\n\t<\/div>\n<\/div>\n\n<div class=\"revista-item\">\n\t<div class=\"revista-item-cover\">\n\t\t<img src=\"https:\/\/www.farmec.ro\/compania\/wp-content\/uploads\/2022\/03\/gerovital-magazine-2022-1.png\" alt=\"\">\n\t<\/div>\n\t<div class=\"revista-item-content\">\n\t\t<div class=\"revista-item-title\">GEROVITAL\u00ae\ufe0f MAGAZINE &#8211; PRIM\u0102VAR\u0102 2022<\/div>\n\t\t<div class=\"revista-item-url\">\n\t\t\t\t\t\t<a href=\"https:\/\/www.farmec.ro\/compania\/wp-content\/uploads\/2022\/03\/GEROVITAL_MAGAZINE_PRIMAVARA_2022.pdf\" target=\"_blank\">Descarc\u0103 varianta .pdf<\/a>\n\t\t<\/div>\n\t<\/div>\n<\/div>\n\n<div class=\"revista-item\">\n\t<div class=\"revista-item-cover\">\n\t\t<img src=\"https:\/\/www.farmec.ro\/compania\/wp-content\/uploads\/2021\/11\/revista-gerovital-magazine-toamna-iarna-2021.png\" alt=\"\">\n\t<\/div>\n\t<div class=\"revista-item-content\">\n\t\t<div class=\"revista-item-title\">GEROVITAL\u00ae\ufe0f MAGAZINE &#8211; TOAMN\u0102 &#8211; IARN\u0102 2021<\/div>\n\t\t<div class=\"revista-item-url\">\n\t\t\t\t\t\t<a href=\"https:\/\/www.farmec.ro\/compania\/wp-content\/uploads\/2021\/11\/GEROVITAL_MAGAZINE_TOAMNA_2021-1.pdf\" target=\"_blank\">Descarc\u0103 varianta .pdf<\/a>\n\t\t<\/div>\n\t<\/div>\n<\/div>\n\n<div class=\"revista-item\">\n\t<div class=\"revista-item-cover\">\n\t\t<img src=\"https:\/\/www.farmec.ro\/compania\/wp-content\/uploads\/2021\/09\/Revista-vara-2021-1.png\" alt=\"\">\n\t<\/div>\n\t<div class=\"revista-item-content\">\n\t\t<div class=\"revista-item-title\">GEROVITAL\u00ae\ufe0f MAGAZINE &#8211; VAR\u0102 2021<\/div>\n\t\t<div class=\"revista-item-url\">\n\t\t\t\t\t\t<a href=\"https:\/\/www.farmec.ro\/compania\/wp-content\/uploads\/2021\/09\/gerovital_magazine_vara_2021.pdf\" target=\"_blank\">Descarc\u0103 varianta .pdf<\/a>\n\t\t<\/div>\n\t<\/div>\n<\/div>\n\n<div class=\"revista-item\">\n\t<div class=\"revista-item-cover\">\n\t\t<img src=\"https:\/\/www.farmec.ro\/compania\/wp-content\/uploads\/2021\/09\/Revista-primvara-2021.png\" alt=\"\">\n\t<\/div>\n\t<div class=\"revista-item-content\">\n\t\t<div class=\"revista-item-title\">GEROVITAL\u00ae\ufe0f MAGAZINE &#8211; PRIM\u0102VAR\u0102 2021<\/div>\n\t\t<div class=\"revista-item-url\">\n\t\t\t\t\t\t<a href=\"https:\/\/www.farmec.ro\/compania\/wp-content\/uploads\/2021\/09\/gerovital_magazine_primavara_2021.pdf\" target=\"_blank\">Descarc\u0103 varianta .pdf<\/a>\n\t\t<\/div>\n\t<\/div>\n<\/div>\n\n<div class=\"revista-item\">\n\t<div class=\"revista-item-cover\">\n\t\t<img src=\"https:\/\/www.farmec.ro\/compania\/wp-content\/uploads\/2021\/08\/Revista-toamna-iarna-2020.png\" alt=\"\">\n\t<\/div>\n\t<div class=\"revista-item-content\">\n\t\t<div class=\"revista-item-title\">GEROVITAL\u00ae\ufe0f MAGAZINE &#8211;  TOAMN\u0102 &#8211; IARN\u0102 2020<\/div>\n\t\t<div class=\"revista-item-url\">\n\t\t\t\t\t\t<a href=\"https:\/\/www.farmec.ro\/compania\/wp-content\/uploads\/2021\/08\/GEROVITAL_MAGAZINE_TOAMNA_IARNA.pdf\" target=\"_blank\">Descarc\u0103 varianta .pdf<\/a>\n\t\t<\/div>\n\t<\/div>\n<\/div>\n\n<div class=\"revista-item\">\n\t<div class=\"revista-item-cover\">\n\t\t<img src=\"https:\/\/www.farmec.ro\/compania\/wp-content\/uploads\/2020\/07\/1-scaled.jpg\" alt=\"\">\n\t<\/div>\n\t<div class=\"revista-item-content\">\n\t\t<div class=\"revista-item-title\">Gerovital\u00ae\ufe0f magazine &#8211; Var\u0103 2020<\/div>\n\t\t<div class=\"revista-item-url\">\n\t\t\t\t\t\t<a href=\"https:\/\/www.farmec.ro\/compania\/wp-content\/uploads\/2020\/07\/gerovital_magazine_vara_2020.pdf\" target=\"_blank\">Descarc\u0103 varianta .pdf<\/a>\n\t\t<\/div>\n\t<\/div>\n<\/div>\n\n<div class=\"revista-item\">\n\t<div class=\"revista-item-cover\">\n\t\t<img src=\"https:\/\/www.farmec.ro\/compania\/wp-content\/uploads\/2020\/06\/primavara-2020.jpg\" alt=\"\">\n\t<\/div>\n\t<div class=\"revista-item-content\">\n\t\t<div class=\"revista-item-title\">GEROVITAL\u00ae\ufe0f MAGAZINE &#8211;  PRIM\u0102VAR\u0102 2020<\/div>\n\t\t<div class=\"revista-item-url\">\n\t\t\t\t\t\t<a href=\"https:\/\/www.farmec.ro\/compania\/wp-content\/uploads\/2020\/06\/gerovital_magazine_primavara_2020.pdf\" target=\"_blank\">Descarc\u0103 varianta .pdf<\/a>\n\t\t<\/div>\n\t<\/div>\n<\/div>\n\n<div class=\"revista-item\">\n\t<div class=\"revista-item-cover\">\n\t\t<img src=\"https:\/\/www.farmec.ro\/compania\/wp-content\/uploads\/2020\/06\/iarna-2019.jpg\" alt=\"\">\n\t<\/div>\n\t<div class=\"revista-item-content\">\n\t\t<div class=\"revista-item-title\">GEROVITAL\u00ae\ufe0f MAGAZINE &#8211;  IARN\u0102 2019<\/div>\n\t\t<div class=\"revista-item-url\">\n\t\t\t\t\t\t<a href=\"https:\/\/www.farmec.ro\/compania\/wp-content\/uploads\/2020\/06\/gerovital_magazine_iarna_2019.pdf\" target=\"_blank\">Descarc\u0103 varianta .pdf<\/a>\n\t\t<\/div>\n\t<\/div>\n<\/div>\n\n<div class=\"revista-item\">\n\t<div class=\"revista-item-cover\">\n\t\t<img src=\"https:\/\/www.farmec.ro\/compania\/wp-content\/uploads\/2020\/05\/1-1-1.png\" alt=\"\">\n\t<\/div>\n\t<div class=\"revista-item-content\">\n\t\t<div class=\"revista-item-title\">GEROVITAL\u00ae\ufe0f MAGAZINE &#8211;  TOAMN\u0102 2019<\/div>\n\t\t<div class=\"revista-item-url\">\n\t\t\t\t\t\t<a href=\"https:\/\/www.farmec.ro\/compania\/wp-content\/uploads\/2020\/06\/gerovital_magazine_toamna_2019.pdf\" target=\"_blank\">Descarc\u0103 varianta .pdf<\/a>\n\t\t<\/div>\n\t<\/div>\n<\/div>\n\n<div class=\"revista-item\">\n\t<div class=\"revista-item-cover\">\n\t\t<img src=\"https:\/\/www.farmec.ro\/compania\/wp-content\/uploads\/2020\/05\/1.png\" alt=\"\">\n\t<\/div>\n\t<div class=\"revista-item-content\">\n\t\t<div class=\"revista-item-title\">GEROVITAL\u00ae\ufe0f MAGAZINE &#8211;  VAR\u0102 2019<\/div>\n\t\t<div class=\"revista-item-url\">\n\t\t\t\t\t\t<a href=\"https:\/\/www.farmec.ro\/compania\/wp-content\/uploads\/2020\/06\/gerovital_magazine_summer_2019.pdf\" target=\"_blank\">Descarc\u0103 varianta .pdf<\/a>\n\t\t<\/div>\n\t<\/div>\n<\/div>\n\n<div class=\"revista-item\">\n\t<div class=\"revista-item-cover\">\n\t\t<img src=\"https:\/\/www.farmec.ro\/compania\/wp-content\/uploads\/2020\/05\/Image-16.png\" alt=\"\">\n\t<\/div>\n\t<div class=\"revista-item-content\">\n\t\t<div class=\"revista-item-title\">GEROVITAL\u00ae\ufe0f MAGAZINE &#8211;  PRIM\u0102VAR\u0102 2019<\/div>\n\t\t<div class=\"revista-item-url\">\n\t\t\t\t\t\t<a href=\"https:\/\/www.farmec.ro\/compania\/wp-content\/uploads\/2020\/06\/gerovital_magazine_spring_2019.pdf\" target=\"_blank\">Descarc\u0103 varianta .pdf<\/a>\n\t\t<\/div>\n\t<\/div>\n<\/div><\/div><\/div>\n\n\n\n<p><\/p>\n","protected":false},"excerpt":{"rendered":"<p>Revista Gerovital\u00ae magazine este o publica\u021bie trimestrial\u0103 FARMEC care \u00ee\u0219i propune s\u0103 vorbeasc\u0103 deschis despre frumuse\u021bea natural\u0103 \u0219i mai ales despre natura frumuse\u021bii. Revista este disponibil\u0103 gratuit \u00een format fizic \u00een re\u021beaua celor 26 de magazine de brand Farmec \u0219i Gerovital, \u0219i \u00een format digital. Este o colec\u021bie glossy \u0219i vesel\u0103 de sfaturi de frumuse\u021be, [&hellip;]<\/p>\n","protected":false},"author":12,"featured_media":0,"parent":0,"menu_order":0,"comment_status":"closed","ping_status":"closed","template":"","meta":[],"yoast_head":"<!-- This site is optimized with the Yoast SEO plugin v18.4.1 - https:\/\/yoast.com\/wordpress\/plugins\/seo\/ -->\n<title>Revista Gerovital &mdash; FARMEC<\/title>\n<meta name=\"robots\" content=\"index, follow, max-snippet:-1, max-image-preview:large, max-video-preview:-1\" \/>\n<link rel=\"canonical\" href=\"https:\/\/www.farmec.ro\/compania\/revista\/\" \/>\n<meta property=\"og:locale\" content=\"ro_RO\" \/>\n<meta property=\"og:type\" content=\"article\" \/>\n<meta property=\"og:title\" content=\"Revista Gerovital &mdash; FARMEC\" \/>\n<meta property=\"og:description\" content=\"Revista Gerovital\u00ae magazine este o publica\u021bie trimestrial\u0103 FARMEC care \u00ee\u0219i propune s\u0103 vorbeasc\u0103 deschis despre frumuse\u021bea natural\u0103 \u0219i mai ales despre natura frumuse\u021bii. Revista este disponibil\u0103 gratuit \u00een format fizic \u00een re\u021beaua celor 26 de magazine de brand Farmec \u0219i Gerovital, \u0219i \u00een format digital. Este o colec\u021bie glossy \u0219i vesel\u0103 de sfaturi de frumuse\u021be, [&hellip;]\" \/>\n<meta property=\"og:url\" content=\"https:\/\/www.farmec.ro\/compania\/revista\/\" \/>\n<meta property=\"og:site_name\" content=\"FARMEC\" \/>\n<meta property=\"article:modified_time\" content=\"2022-11-23T10:55:32+00:00\" \/>\n<meta name=\"twitter:card\" content=\"summary_large_image\" \/>\n<meta name=\"twitter:label1\" content=\"Est. reading time\" \/>\n\t<meta name=\"twitter:data1\" content=\"1 minut\" \/>\n<script type=\"application\/ld+json\" class=\"yoast-schema-graph\">{\"@context\":\"https:\/\/schema.org\",\"@graph\":[{\"@type\":\"WebSite\",\"@id\":\"https:\/\/www.farmec.ro\/compania\/#website\",\"url\":\"https:\/\/www.farmec.ro\/compania\/\",\"name\":\"FARMEC\",\"description\":\"Brand Rom\u00e2nesc\",\"potentialAction\":[{\"@type\":\"SearchAction\",\"target\":{\"@type\":\"EntryPoint\",\"urlTemplate\":\"https:\/\/www.farmec.ro\/compania\/?s={search_term_string}\"},\"query-input\":\"required name=search_term_string\"}],\"inLanguage\":\"ro-RO\"},{\"@type\":\"WebPage\",\"@id\":\"https:\/\/www.farmec.ro\/compania\/revista\/#webpage\",\"url\":\"https:\/\/www.farmec.ro\/compania\/revista\/\",\"name\":\"Revista Gerovital &mdash; FARMEC\",\"isPartOf\":{\"@id\":\"https:\/\/www.farmec.ro\/compania\/#website\"},\"datePublished\":\"2020-05-06T14:14:03+00:00\",\"dateModified\":\"2022-11-23T10:55:32+00:00\",\"breadcrumb\":{\"@id\":\"https:\/\/www.farmec.ro\/compania\/revista\/#breadcrumb\"},\"inLanguage\":\"ro-RO\",\"potentialAction\":[{\"@type\":\"ReadAction\",\"target\":[\"https:\/\/www.farmec.ro\/compania\/revista\/\"]}]},{\"@type\":\"BreadcrumbList\",\"@id\":\"https:\/\/www.farmec.ro\/compania\/revista\/#breadcrumb\",\"itemListElement\":[{\"@type\":\"ListItem\",\"position\":1,\"name\":\"Acas\u0103\",\"item\":\"https:\/\/www.farmec.ro\/compania\/\"},{\"@type\":\"ListItem\",\"position\":2,\"name\":\"Revista Gerovital\"}]}]}<\/script>\n<!-- \/ Yoast SEO plugin. -->","yoast_head_json":{"title":"Revista Gerovital &mdash; FARMEC","robots":{"index":"index","follow":"follow","max-snippet":"max-snippet:-1","max-image-preview":"max-image-preview:large","max-video-preview":"max-video-preview:-1"},"canonical":"https:\/\/www.farmec.ro\/compania\/revista\/","og_locale":"ro_RO","og_type":"article","og_title":"Revista Gerovital &mdash; FARMEC","og_description":"Revista Gerovital\u00ae magazine este o publica\u021bie trimestrial\u0103 FARMEC care \u00ee\u0219i propune s\u0103 vorbeasc\u0103 deschis despre frumuse\u021bea natural\u0103 \u0219i mai ales despre natura frumuse\u021bii. Revista este disponibil\u0103 gratuit \u00een format fizic \u00een re\u021beaua celor 26 de magazine de brand Farmec \u0219i Gerovital, \u0219i \u00een format digital. Este o colec\u021bie glossy \u0219i vesel\u0103 de sfaturi de frumuse\u021be, [&hellip;]","og_url":"https:\/\/www.farmec.ro\/compania\/revista\/","og_site_name":"FARMEC","article_modified_time":"2022-11-23T10:55:32+00:00","twitter_card":"summary_large_image","twitter_misc":{"Est. reading time":"1 minut"},"schema":{"@context":"https:\/\/schema.org","@graph":[{"@type":"WebSite","@id":"https:\/\/www.farmec.ro\/compania\/#website","url":"https:\/\/www.farmec.ro\/compania\/","name":"FARMEC","description":"Brand Rom\u00e2nesc","potentialAction":[{"@type":"SearchAction","target":{"@type":"EntryPoint","urlTemplate":"https:\/\/www.farmec.ro\/compania\/?s={search_term_string}"},"query-input":"required name=search_term_string"}],"inLanguage":"ro-RO"},{"@type":"WebPage","@id":"https:\/\/www.farmec.ro\/compania\/revista\/#webpage","url":"https:\/\/www.farmec.ro\/compania\/revista\/","name":"Revista Gerovital &mdash; FARMEC","isPartOf":{"@id":"https:\/\/www.farmec.ro\/compania\/#website"},"datePublished":"2020-05-06T14:14:03+00:00","dateModified":"2022-11-23T10:55:32+00:00","breadcrumb":{"@id":"https:\/\/www.farmec.ro\/compania\/revista\/#breadcrumb"},"inLanguage":"ro-RO","potentialAction":[{"@type":"ReadAction","target":["https:\/\/www.farmec.ro\/compania\/revista\/"]}]},{"@type":"BreadcrumbList","@id":"https:\/\/www.farmec.ro\/compania\/revista\/#breadcrumb","itemListElement":[{"@type":"ListItem","position":1,"name":"Acas\u0103","item":"https:\/\/www.farmec.ro\/compania\/"},{"@type":"ListItem","position":2,"name":"Revista Gerovital"}]}]}},"_links":{"self":[{"href":"https:\/\/www.farmec.ro\/compania\/wp-json\/wp\/v2\/pages\/228"}],"collection":[{"href":"https:\/\/www.farmec.ro\/compania\/wp-json\/wp\/v2\/pages"}],"about":[{"href":"https:\/\/www.farmec.ro\/compania\/wp-json\/wp\/v2\/types\/page"}],"author":[{"embeddable":true,"href":"https:\/\/www.farmec.ro\/compania\/wp-json\/wp\/v2\/users\/12"}],"replies":[{"embeddable":true,"href":"https:\/\/www.farmec.ro\/compania\/wp-json\/wp\/v2\/comments?post=228"}],"version-history":[{"count":34,"href":"https:\/\/www.farmec.ro\/compania\/wp-json\/wp\/v2\/pages\/228\/revisions"}],"predecessor-version":[{"id":34188,"href":"https:\/\/www.farmec.ro\/compania\/wp-json\/wp\/v2\/pages\/228\/revisions\/34188"}],"wp:attachment":[{"href":"https:\/\/www.farmec.ro\/compania\/wp-json\/wp\/v2\/media?parent=228"}],"curies":[{"name":"wp","href":"https:\/\/api.w.org\/{rel}","templated":true}]}}