{"id":23710,"date":"2020-09-01T12:48:55","date_gmt":"2020-09-01T12:48:55","guid":{"rendered":"https:\/\/www.farmec.ro\/compania\/servicii-magazine-2\/"},"modified":"2026-04-06T07:08:32","modified_gmt":"2026-04-06T07:08:32","slug":"servicii-magazine","status":"publish","type":"page","link":"https:\/\/www.farmec.ro\/compania\/servicii-magazine\/","title":{"rendered":"Servicii magazine"},"content":{"rendered":"\n<figure class=\"wp-block-image size-large\"><img loading=\"lazy\" width=\"1024\" height=\"323\" src=\"https:\/\/www.farmec.ro\/compania\/wp-content\/uploads\/2021\/11\/KV_CSR_Ambalaje_1900x600px-copy-1024x323.jpg\" alt=\"\" class=\"wp-image-23766\" srcset=\"https:\/\/www.farmec.ro\/compania\/wp-content\/uploads\/2021\/11\/KV_CSR_Ambalaje_1900x600px-copy-1024x323.jpg 1024w, https:\/\/www.farmec.ro\/compania\/wp-content\/uploads\/2021\/11\/KV_CSR_Ambalaje_1900x600px-copy-300x95.jpg 300w, https:\/\/www.farmec.ro\/compania\/wp-content\/uploads\/2021\/11\/KV_CSR_Ambalaje_1900x600px-copy-768x243.jpg 768w, https:\/\/www.farmec.ro\/compania\/wp-content\/uploads\/2021\/11\/KV_CSR_Ambalaje_1900x600px-copy-1536x485.jpg 1536w, https:\/\/www.farmec.ro\/compania\/wp-content\/uploads\/2021\/11\/KV_CSR_Ambalaje_1900x600px-copy-780x246.jpg 780w, https:\/\/www.farmec.ro\/compania\/wp-content\/uploads\/2021\/11\/KV_CSR_Ambalaje_1900x600px-copy-377x119.jpg 377w, https:\/\/www.farmec.ro\/compania\/wp-content\/uploads\/2021\/11\/KV_CSR_Ambalaje_1900x600px-copy-216x68.jpg 216w, https:\/\/www.farmec.ro\/compania\/wp-content\/uploads\/2021\/11\/KV_CSR_Ambalaje_1900x600px-copy-378x119.jpg 378w, https:\/\/www.farmec.ro\/compania\/wp-content\/uploads\/2021\/11\/KV_CSR_Ambalaje_1900x600px-copy-338x107.jpg 338w, https:\/\/www.farmec.ro\/compania\/wp-content\/uploads\/2021\/11\/KV_CSR_Ambalaje_1900x600px-copy.jpg 1900w\" sizes=\"(max-width: 1024px) 100vw, 1024px\" \/><\/figure>\n\n\n\n<h2>Colectarea selectiv\u0103 a ambalajelor<\/h2>\n\n\n\n<ul><li>\u201eAi grij\u0103 de natur\u0103 a\u0219a cum ai grij\u0103 de tine\u201d este un demers de responsabiliatate social\u0103 pentru colectarea selectiv\u0103 a ambalajelor produselor din portofoliul Farmec S.A.<\/li><\/ul>\n\n\n\n<p>Campania se deruleaza \u00een toate magazinele Gerovital din \u021bar\u0103.<\/p>\n\n\n\n<p>Clien\u021bii pot aduce la aceste puncte de colectare de\u0219euri de ambalaje de&nbsp;<strong>h\u00e2rtie<\/strong>&nbsp;(cutii creme), <strong>plastic<\/strong>&nbsp;(cutii creme, recipiente \u0219ampoane, geluri de du\u0219, dar \u0219i recipiente ale produselor de cur\u0103\u021benie din gamele Nuf\u0103r \u0219i Triumf), <strong>sticl\u0103<\/strong>&nbsp;(borcane creme), <strong>metal<\/strong>, inslusiv aluminiu, (doze spray). Pentru a putea fi reciclate, recipientele trebuie<strong>&nbsp;golite de con\u021binut, cl\u0103tite \u0219i cur\u0103\u021bate.<\/strong><\/p>\n\n\n\n<p>Fiecare ambalaj se scaneaz\u0103 la casa de marcat, iar la fiecare 4 ambalaje colectate o dat\u0103, clientul prime\u0219te un <strong>produs cadou<\/strong> (\u00een limita stocului disponibil).<\/p>\n\n\n\n<div class=\"wp-block-media-text alignwide is-stacked-on-mobile\"><figure class=\"wp-block-media-text__media\"><img loading=\"lazy\" width=\"1024\" height=\"1024\" src=\"https:\/\/www.farmec.ro\/compania\/wp-content\/uploads\/2026\/04\/postare-reciclare_cadoul-lunii-apr_FB_Insta_0326_1080x1080px-2-1024x1024.jpg\" alt=\"\" class=\"wp-image-46376 size-full\" srcset=\"https:\/\/www.farmec.ro\/compania\/wp-content\/uploads\/2026\/04\/postare-reciclare_cadoul-lunii-apr_FB_Insta_0326_1080x1080px-2-1024x1024.jpg 1024w, https:\/\/www.farmec.ro\/compania\/wp-content\/uploads\/2026\/04\/postare-reciclare_cadoul-lunii-apr_FB_Insta_0326_1080x1080px-2-300x300.jpg 300w, https:\/\/www.farmec.ro\/compania\/wp-content\/uploads\/2026\/04\/postare-reciclare_cadoul-lunii-apr_FB_Insta_0326_1080x1080px-2-150x150.jpg 150w, https:\/\/www.farmec.ro\/compania\/wp-content\/uploads\/2026\/04\/postare-reciclare_cadoul-lunii-apr_FB_Insta_0326_1080x1080px-2-768x768.jpg 768w, https:\/\/www.farmec.ro\/compania\/wp-content\/uploads\/2026\/04\/postare-reciclare_cadoul-lunii-apr_FB_Insta_0326_1080x1080px-2-377x377.jpg 377w, https:\/\/www.farmec.ro\/compania\/wp-content\/uploads\/2026\/04\/postare-reciclare_cadoul-lunii-apr_FB_Insta_0326_1080x1080px-2-216x216.jpg 216w, https:\/\/www.farmec.ro\/compania\/wp-content\/uploads\/2026\/04\/postare-reciclare_cadoul-lunii-apr_FB_Insta_0326_1080x1080px-2-378x378.jpg 378w, https:\/\/www.farmec.ro\/compania\/wp-content\/uploads\/2026\/04\/postare-reciclare_cadoul-lunii-apr_FB_Insta_0326_1080x1080px-2-338x338.jpg 338w, https:\/\/www.farmec.ro\/compania\/wp-content\/uploads\/2026\/04\/postare-reciclare_cadoul-lunii-apr_FB_Insta_0326_1080x1080px-2.jpg 1080w\" sizes=\"(max-width: 1024px) 100vw, 1024px\" \/><\/figure><div class=\"wp-block-media-text__content\">\n<h1><strong>COLECTEAZ\u0102 SELECTIV \u00ceN MAGAZINELE GEROVITAL \u267b<\/strong><\/h1>\n\n\n\n<p>Returneaz\u0103 4 ambalaje \u2013 golite de con\u021binut, cl\u0103tite pe interior \u0219i cur\u0103\u021bate \u2013 din portofoliul Farmec \u0219i prime\u0219ti&nbsp;<strong>un produs cadou.<\/strong>&nbsp;Pentru c\u0103 ne place s\u0103 te surprindem, cadoul se schimb\u0103 \u00een fiecare lun\u0103!<\/p>\n\n\n\n<p>\u00cen luna aprilie, cadoul este la alegere \u00eentre:<\/p>\n\n\n\n<ul><li>Farmec Benzi Depilatoare pentru Corp cu Scor\u021bi\u0219oar\u0103<\/li><li>Gerovital Plant Crem\u0103 Hidra-Activ\u0103 Shot cu Electroli\u021bi<\/li><li>Gerovital Stop Acnee Gel Ultra-Activ pentru Corp<\/li><\/ul>\n\n\n\n<p class=\"has-small-font-size\">Ofert\u0103 valabil\u0103 p\u00e2n\u0103 \u00een 30 aprilie 2026, \u00een limita stocului disponibil.<\/p>\n\n\n\n<p><strong>Exclusiv pentru membrii BeautyCLUB Gerovital<\/strong><\/p>\n<\/div><\/div>\n\n\n\n<p>Consult\u0103 aici: <span style=\"text-decoration: underline;\"><strong><a href=\"https:\/\/www.farmec.ro\/compania\/wp-content\/uploads\/2024\/02\/REGULAMENT-OFICIAL-PROGRAM-COLECTARE-SELECTIVA-MAGAZINE-FARMEC-GEROVITAL-2024.pdf\" target=\"_blank\" rel=\"noreferrer noopener\">Regulamentul Campaniei de Colectare Selectiv\u0103<\/a><\/strong>.<\/span><\/p>\n\n\n\n<p><a href=\"https:\/\/www.farmec.ro\/compania\/wp-content\/uploads\/2024\/09\/Act-aditional-1-Regulament-colectare-selectiva-Sept-2024.pdf\" target=\"_blank\" rel=\"noreferrer noopener\"><strong><span style=\"text-decoration: underline;\">Act Adi\u021bional nr. 1 la Regulamentul oficial Campanie Colectare Selectiv\u0103<\/span><\/strong><\/a><\/p>\n\n\n\n<p><strong><a href=\"https:\/\/www.farmec.ro\/compania\/wp-content\/uploads\/2025\/02\/Act-aditional-2-Regulament-colectare-selectiva-2024.pdf\" target=\"_blank\" rel=\"noreferrer noopener\"><span style=\"text-decoration: underline;\">Act Adi\u021bional nr. 2 la Regulamentul oficial Campanie Colectare Selectiv\u0103<\/span><\/a><\/strong><\/p>\n\n\n\n<p><strong><a href=\"https:\/\/www.farmec.ro\/compania\/wp-content\/uploads\/2025\/08\/Act-aditional-3-Regulament-colectare-selectiva-2025.pdf\" target=\"_blank\" rel=\"noreferrer noopener\"><span style=\"text-decoration: underline;\">Act Aditional nr. 3 la Regulamentul oficial Campanie Colectare Selectiva<\/span><\/a><\/strong><\/p>\n\n\n\n<hr class=\"wp-block-separator is-style-wide\"\/>\n\n\n\n<figure class=\"wp-block-image size-large\"><img loading=\"lazy\" width=\"1024\" height=\"323\" src=\"https:\/\/www.farmec.ro\/compania\/wp-content\/uploads\/2021\/11\/1900x600_impachetare-1024x323.png\" alt=\"\" class=\"wp-image-23772\" srcset=\"https:\/\/www.farmec.ro\/compania\/wp-content\/uploads\/2021\/11\/1900x600_impachetare-1024x323.png 1024w, https:\/\/www.farmec.ro\/compania\/wp-content\/uploads\/2021\/11\/1900x600_impachetare-300x95.png 300w, https:\/\/www.farmec.ro\/compania\/wp-content\/uploads\/2021\/11\/1900x600_impachetare-768x243.png 768w, https:\/\/www.farmec.ro\/compania\/wp-content\/uploads\/2021\/11\/1900x600_impachetare-1536x485.png 1536w, https:\/\/www.farmec.ro\/compania\/wp-content\/uploads\/2021\/11\/1900x600_impachetare-780x246.png 780w, https:\/\/www.farmec.ro\/compania\/wp-content\/uploads\/2021\/11\/1900x600_impachetare-377x119.png 377w, https:\/\/www.farmec.ro\/compania\/wp-content\/uploads\/2021\/11\/1900x600_impachetare-216x68.png 216w, https:\/\/www.farmec.ro\/compania\/wp-content\/uploads\/2021\/11\/1900x600_impachetare-378x119.png 378w, https:\/\/www.farmec.ro\/compania\/wp-content\/uploads\/2021\/11\/1900x600_impachetare-338x107.png 338w, https:\/\/www.farmec.ro\/compania\/wp-content\/uploads\/2021\/11\/1900x600_impachetare.png 1900w\" sizes=\"(max-width: 1024px) 100vw, 1024px\" \/><\/figure>\n\n\n\n<h2>\u00cempachetare cadou<\/h2>\n\n\n\n<p>Ambalarea produselor \u00een cutii cadou cu dimensiunea de 190&#215;140 mm \u0219i felicit\u0103ri pentru mesaje personalizate. &nbsp;<\/p>\n\n\n\n<p>Serviciul de \u00eempachetare este gratuit pentru achizi\u021bii de minim 100 lei \u00een magazinele noastre Gerovital. <\/p>\n\n\n\n<p>Pentru achizi\u021bii din magazin sub aceast\u0103 sum\u0103, serviciul este contra cost.<\/p>\n\n\n\n<hr class=\"wp-block-separator is-style-wide\"\/>\n\n\n\n<figure class=\"wp-block-image size-large\"><img loading=\"lazy\" width=\"1024\" height=\"323\" src=\"https:\/\/www.farmec.ro\/compania\/wp-content\/uploads\/2021\/11\/1900x600_call_collect-1024x323.png\" alt=\"\" class=\"wp-image-23775\" srcset=\"https:\/\/www.farmec.ro\/compania\/wp-content\/uploads\/2021\/11\/1900x600_call_collect-1024x323.png 1024w, https:\/\/www.farmec.ro\/compania\/wp-content\/uploads\/2021\/11\/1900x600_call_collect-300x95.png 300w, https:\/\/www.farmec.ro\/compania\/wp-content\/uploads\/2021\/11\/1900x600_call_collect-768x243.png 768w, https:\/\/www.farmec.ro\/compania\/wp-content\/uploads\/2021\/11\/1900x600_call_collect-1536x485.png 1536w, https:\/\/www.farmec.ro\/compania\/wp-content\/uploads\/2021\/11\/1900x600_call_collect-780x246.png 780w, https:\/\/www.farmec.ro\/compania\/wp-content\/uploads\/2021\/11\/1900x600_call_collect-377x119.png 377w, https:\/\/www.farmec.ro\/compania\/wp-content\/uploads\/2021\/11\/1900x600_call_collect-216x68.png 216w, https:\/\/www.farmec.ro\/compania\/wp-content\/uploads\/2021\/11\/1900x600_call_collect-378x119.png 378w, https:\/\/www.farmec.ro\/compania\/wp-content\/uploads\/2021\/11\/1900x600_call_collect-338x107.png 338w, https:\/\/www.farmec.ro\/compania\/wp-content\/uploads\/2021\/11\/1900x600_call_collect.png 1900w\" sizes=\"(max-width: 1024px) 100vw, 1024px\" \/><\/figure>\n\n\n\n<h2>Call&amp;Collect<\/h2>\n\n\n\n<p>Sun\u0103, comand\u0103 produsele potrivite pentru tine \u0219i ridic\u0103-le din magazin! Apeleaz\u0103 telefonic magazinul cel mai apropiat, alege produsele potrivite recomandate de Beauty Adviser \u0219i stabilie\u0219te \u00eempreun\u0103 cu aceasta intervalul orar \u00een care dore\u0219ti s\u0103 ridici produsele din magazin. Vino, achit\u0103 pe loc \u0219i ridic\u0103 comanda.<\/p>\n\n\n\n<hr class=\"wp-block-separator is-style-wide\"\/>\n\n\n\n<figure class=\"wp-block-image size-large\"><img loading=\"lazy\" width=\"1024\" height=\"323\" src=\"https:\/\/www.farmec.ro\/compania\/wp-content\/uploads\/2021\/11\/banner-site-card-de-fidelitate_0921_1900x600px-1024x323.jpg\" alt=\"\" class=\"wp-image-23779\" srcset=\"https:\/\/www.farmec.ro\/compania\/wp-content\/uploads\/2021\/11\/banner-site-card-de-fidelitate_0921_1900x600px-1024x323.jpg 1024w, https:\/\/www.farmec.ro\/compania\/wp-content\/uploads\/2021\/11\/banner-site-card-de-fidelitate_0921_1900x600px-300x95.jpg 300w, https:\/\/www.farmec.ro\/compania\/wp-content\/uploads\/2021\/11\/banner-site-card-de-fidelitate_0921_1900x600px-768x243.jpg 768w, https:\/\/www.farmec.ro\/compania\/wp-content\/uploads\/2021\/11\/banner-site-card-de-fidelitate_0921_1900x600px-1536x485.jpg 1536w, https:\/\/www.farmec.ro\/compania\/wp-content\/uploads\/2021\/11\/banner-site-card-de-fidelitate_0921_1900x600px-780x246.jpg 780w, https:\/\/www.farmec.ro\/compania\/wp-content\/uploads\/2021\/11\/banner-site-card-de-fidelitate_0921_1900x600px-377x119.jpg 377w, https:\/\/www.farmec.ro\/compania\/wp-content\/uploads\/2021\/11\/banner-site-card-de-fidelitate_0921_1900x600px-216x68.jpg 216w, https:\/\/www.farmec.ro\/compania\/wp-content\/uploads\/2021\/11\/banner-site-card-de-fidelitate_0921_1900x600px-378x119.jpg 378w, https:\/\/www.farmec.ro\/compania\/wp-content\/uploads\/2021\/11\/banner-site-card-de-fidelitate_0921_1900x600px-338x107.jpg 338w, https:\/\/www.farmec.ro\/compania\/wp-content\/uploads\/2021\/11\/banner-site-card-de-fidelitate_0921_1900x600px.jpg 1900w\" sizes=\"(max-width: 1024px) 100vw, 1024px\" \/><\/figure>\n\n\n\n<h2>Intr\u0103 \u00een BeautyCLUB Gerovital \u0219i bucur\u0103-te de beneficii la un nou nivel<\/h2>\n\n\n\n<p>Doar \u00een programul de fidelitate BeautyCLUB Gerovital ai parte 10% REDUCERE sub form\u0103 de puncte la fiecare achizi\u021bie, vouchere valorile de bun venit \u0219i pentru avansarea \u00een program, oferte dedicate \u0219i acces \u00een exclusivitate la gamele noi \u0219i alte beneficii de neratat.<\/p>\n\n\n\n<p><a href=\"https:\/\/www.farmec.ro\/gerovital-beauty-club\" target=\"_blank\" rel=\"noreferrer noopener\"><span style=\"text-decoration: underline;\"><strong>Afl\u0103 mai multe despre BeautyCLUB Gerovital<\/strong><\/span><\/a><\/p>\n","protected":false},"excerpt":{"rendered":"<p>Colectarea selectiv\u0103 a ambalajelor \u201eAi grij\u0103 de natur\u0103 a\u0219a cum ai grij\u0103 de tine\u201d este un demers de responsabiliatate social\u0103 pentru colectarea selectiv\u0103 a ambalajelor produselor din portofoliul Farmec S.A. Campania se deruleaza \u00een toate magazinele Gerovital din \u021bar\u0103. Clien\u021bii pot aduce la aceste puncte de colectare de\u0219euri de ambalaje de&nbsp;h\u00e2rtie&nbsp;(cutii creme), plastic&nbsp;(cutii creme, recipiente [&hellip;]<\/p>\n","protected":false},"author":12,"featured_media":0,"parent":0,"menu_order":0,"comment_status":"closed","ping_status":"closed","template":"","meta":[],"yoast_head":"<!-- This site is optimized with the Yoast SEO plugin v18.4.1 - https:\/\/yoast.com\/wordpress\/plugins\/seo\/ -->\n<title>Servicii magazine &mdash; FARMEC<\/title>\n<meta name=\"robots\" content=\"index, follow, max-snippet:-1, max-image-preview:large, max-video-preview:-1\" \/>\n<link rel=\"canonical\" href=\"https:\/\/www.farmec.ro\/compania\/servicii-magazine\/\" \/>\n<meta property=\"og:locale\" content=\"ro_RO\" \/>\n<meta property=\"og:type\" content=\"article\" \/>\n<meta property=\"og:title\" content=\"Servicii magazine &mdash; FARMEC\" \/>\n<meta property=\"og:description\" content=\"Colectarea selectiv\u0103 a ambalajelor \u201eAi grij\u0103 de natur\u0103 a\u0219a cum ai grij\u0103 de tine\u201d este un demers de responsabiliatate social\u0103 pentru colectarea selectiv\u0103 a ambalajelor produselor din portofoliul Farmec S.A. Campania se deruleaza \u00een toate magazinele Gerovital din \u021bar\u0103. Clien\u021bii pot aduce la aceste puncte de colectare de\u0219euri de ambalaje de&nbsp;h\u00e2rtie&nbsp;(cutii creme), plastic&nbsp;(cutii creme, recipiente [&hellip;]\" \/>\n<meta property=\"og:url\" content=\"https:\/\/www.farmec.ro\/compania\/servicii-magazine\/\" \/>\n<meta property=\"og:site_name\" content=\"FARMEC\" \/>\n<meta property=\"article:modified_time\" content=\"2026-04-06T07:08:32+00:00\" \/>\n<meta property=\"og:image\" content=\"https:\/\/www.farmec.ro\/compania\/wp-content\/uploads\/2021\/11\/KV_CSR_Ambalaje_1900x600px-copy-1024x323.jpg\" \/>\n<meta name=\"twitter:card\" content=\"summary_large_image\" \/>\n<meta name=\"twitter:label1\" content=\"Est. reading time\" \/>\n\t<meta name=\"twitter:data1\" content=\"4 minute\" \/>\n<script type=\"application\/ld+json\" class=\"yoast-schema-graph\">{\"@context\":\"https:\/\/schema.org\",\"@graph\":[{\"@type\":\"WebSite\",\"@id\":\"https:\/\/www.farmec.ro\/compania\/#website\",\"url\":\"https:\/\/www.farmec.ro\/compania\/\",\"name\":\"FARMEC\",\"description\":\"Brand Rom\u00e2nesc\",\"potentialAction\":[{\"@type\":\"SearchAction\",\"target\":{\"@type\":\"EntryPoint\",\"urlTemplate\":\"https:\/\/www.farmec.ro\/compania\/?s={search_term_string}\"},\"query-input\":\"required name=search_term_string\"}],\"inLanguage\":\"ro-RO\"},{\"@type\":\"ImageObject\",\"@id\":\"https:\/\/www.farmec.ro\/compania\/servicii-magazine\/#primaryimage\",\"inLanguage\":\"ro-RO\",\"url\":\"https:\/\/www.farmec.ro\/compania\/wp-content\/uploads\/2021\/11\/KV_CSR_Ambalaje_1900x600px-copy.jpg\",\"contentUrl\":\"https:\/\/www.farmec.ro\/compania\/wp-content\/uploads\/2021\/11\/KV_CSR_Ambalaje_1900x600px-copy.jpg\",\"width\":1900,\"height\":600},{\"@type\":\"WebPage\",\"@id\":\"https:\/\/www.farmec.ro\/compania\/servicii-magazine\/#webpage\",\"url\":\"https:\/\/www.farmec.ro\/compania\/servicii-magazine\/\",\"name\":\"Servicii magazine &mdash; FARMEC\",\"isPartOf\":{\"@id\":\"https:\/\/www.farmec.ro\/compania\/#website\"},\"primaryImageOfPage\":{\"@id\":\"https:\/\/www.farmec.ro\/compania\/servicii-magazine\/#primaryimage\"},\"datePublished\":\"2020-09-01T12:48:55+00:00\",\"dateModified\":\"2026-04-06T07:08:32+00:00\",\"breadcrumb\":{\"@id\":\"https:\/\/www.farmec.ro\/compania\/servicii-magazine\/#breadcrumb\"},\"inLanguage\":\"ro-RO\",\"potentialAction\":[{\"@type\":\"ReadAction\",\"target\":[\"https:\/\/www.farmec.ro\/compania\/servicii-magazine\/\"]}]},{\"@type\":\"BreadcrumbList\",\"@id\":\"https:\/\/www.farmec.ro\/compania\/servicii-magazine\/#breadcrumb\",\"itemListElement\":[{\"@type\":\"ListItem\",\"position\":1,\"name\":\"Acas\u0103\",\"item\":\"https:\/\/www.farmec.ro\/compania\/\"},{\"@type\":\"ListItem\",\"position\":2,\"name\":\"Servicii magazine\"}]}]}<\/script>\n<!-- \/ Yoast SEO plugin. -->","yoast_head_json":{"title":"Servicii magazine &mdash; FARMEC","robots":{"index":"index","follow":"follow","max-snippet":"max-snippet:-1","max-image-preview":"max-image-preview:large","max-video-preview":"max-video-preview:-1"},"canonical":"https:\/\/www.farmec.ro\/compania\/servicii-magazine\/","og_locale":"ro_RO","og_type":"article","og_title":"Servicii magazine &mdash; FARMEC","og_description":"Colectarea selectiv\u0103 a ambalajelor \u201eAi grij\u0103 de natur\u0103 a\u0219a cum ai grij\u0103 de tine\u201d este un demers de responsabiliatate social\u0103 pentru colectarea selectiv\u0103 a ambalajelor produselor din portofoliul Farmec S.A. Campania se deruleaza \u00een toate magazinele Gerovital din \u021bar\u0103. Clien\u021bii pot aduce la aceste puncte de colectare de\u0219euri de ambalaje de&nbsp;h\u00e2rtie&nbsp;(cutii creme), plastic&nbsp;(cutii creme, recipiente [&hellip;]","og_url":"https:\/\/www.farmec.ro\/compania\/servicii-magazine\/","og_site_name":"FARMEC","article_modified_time":"2026-04-06T07:08:32+00:00","og_image":[{"url":"https:\/\/www.farmec.ro\/compania\/wp-content\/uploads\/2021\/11\/KV_CSR_Ambalaje_1900x600px-copy-1024x323.jpg"}],"twitter_card":"summary_large_image","twitter_misc":{"Est. reading time":"4 minute"},"schema":{"@context":"https:\/\/schema.org","@graph":[{"@type":"WebSite","@id":"https:\/\/www.farmec.ro\/compania\/#website","url":"https:\/\/www.farmec.ro\/compania\/","name":"FARMEC","description":"Brand Rom\u00e2nesc","potentialAction":[{"@type":"SearchAction","target":{"@type":"EntryPoint","urlTemplate":"https:\/\/www.farmec.ro\/compania\/?s={search_term_string}"},"query-input":"required name=search_term_string"}],"inLanguage":"ro-RO"},{"@type":"ImageObject","@id":"https:\/\/www.farmec.ro\/compania\/servicii-magazine\/#primaryimage","inLanguage":"ro-RO","url":"https:\/\/www.farmec.ro\/compania\/wp-content\/uploads\/2021\/11\/KV_CSR_Ambalaje_1900x600px-copy.jpg","contentUrl":"https:\/\/www.farmec.ro\/compania\/wp-content\/uploads\/2021\/11\/KV_CSR_Ambalaje_1900x600px-copy.jpg","width":1900,"height":600},{"@type":"WebPage","@id":"https:\/\/www.farmec.ro\/compania\/servicii-magazine\/#webpage","url":"https:\/\/www.farmec.ro\/compania\/servicii-magazine\/","name":"Servicii magazine &mdash; FARMEC","isPartOf":{"@id":"https:\/\/www.farmec.ro\/compania\/#website"},"primaryImageOfPage":{"@id":"https:\/\/www.farmec.ro\/compania\/servicii-magazine\/#primaryimage"},"datePublished":"2020-09-01T12:48:55+00:00","dateModified":"2026-04-06T07:08:32+00:00","breadcrumb":{"@id":"https:\/\/www.farmec.ro\/compania\/servicii-magazine\/#breadcrumb"},"inLanguage":"ro-RO","potentialAction":[{"@type":"ReadAction","target":["https:\/\/www.farmec.ro\/compania\/servicii-magazine\/"]}]},{"@type":"BreadcrumbList","@id":"https:\/\/www.farmec.ro\/compania\/servicii-magazine\/#breadcrumb","itemListElement":[{"@type":"ListItem","position":1,"name":"Acas\u0103","item":"https:\/\/www.farmec.ro\/compania\/"},{"@type":"ListItem","position":2,"name":"Servicii magazine"}]}]}},"_links":{"self":[{"href":"https:\/\/www.farmec.ro\/compania\/wp-json\/wp\/v2\/pages\/23710"}],"collection":[{"href":"https:\/\/www.farmec.ro\/compania\/wp-json\/wp\/v2\/pages"}],"about":[{"href":"https:\/\/www.farmec.ro\/compania\/wp-json\/wp\/v2\/types\/page"}],"author":[{"embeddable":true,"href":"https:\/\/www.farmec.ro\/compania\/wp-json\/wp\/v2\/users\/12"}],"replies":[{"embeddable":true,"href":"https:\/\/www.farmec.ro\/compania\/wp-json\/wp\/v2\/comments?post=23710"}],"version-history":[{"count":63,"href":"https:\/\/www.farmec.ro\/compania\/wp-json\/wp\/v2\/pages\/23710\/revisions"}],"predecessor-version":[{"id":46381,"href":"https:\/\/www.farmec.ro\/compania\/wp-json\/wp\/v2\/pages\/23710\/revisions\/46381"}],"wp:attachment":[{"href":"https:\/\/www.farmec.ro\/compania\/wp-json\/wp\/v2\/media?parent=23710"}],"curies":[{"name":"wp","href":"https:\/\/api.w.org\/{rel}","templated":true}]}}