{"id":280,"date":"2020-05-11T09:57:51","date_gmt":"2020-05-11T09:57:51","guid":{"rendered":"https:\/\/www.farmec.ro\/compania\/?page_id=280"},"modified":"2025-05-05T06:16:00","modified_gmt":"2025-05-05T06:16:00","slug":"contact","status":"publish","type":"page","link":"https:\/\/www.farmec.ro\/compania\/contact\/","title":{"rendered":"Contact"},"content":{"rendered":"\n<div class=\"wp-block-columns\">\n<div class=\"wp-block-column\">\n                <div class='gf_browser_gecko gform_wrapper' id='gform_wrapper_3' ><form method='post' enctype='multipart\/form-data'  id='gform_3'  action='\/compania\/wp-json\/wp\/v2\/pages\/280'>\n                        <div class='gform_heading'>\n                            <h3 class='gform_title'>Formular de contact<\/h3>\n                        <\/div>\n                        <div class='gform_body'><ul id='gform_fields_3' class='gform_fields top_label form_sublabel_below description_below'><li id='field_3_2'  class='gfield gfield_contains_required field_sublabel_below field_description_below gfield_visibility_visible' ><label class='gfield_label' for='input_3_2' >Numele \u0219i prenumele t\u0103u<span class='gfield_required'>*<\/span><\/label><div class='ginput_container ginput_container_text'><input name='input_2' id='input_3_2' type='text' value='' class='large'     aria-required=\"true\" aria-invalid=\"false\" \/><\/div><\/li><li id='field_3_3'  class='gfield gfield_contains_required field_sublabel_below field_description_below gfield_visibility_visible' ><label class='gfield_label' for='input_3_3' >Telefon<span class='gfield_required'>*<\/span><\/label><div class='ginput_container ginput_container_text'><input name='input_3' id='input_3_3' type='text' value='' class='large'     aria-required=\"true\" aria-invalid=\"false\" \/><\/div><\/li><li id='field_3_5'  class='gfield gfield_contains_required field_sublabel_below field_description_below gfield_visibility_visible' ><label class='gfield_label' for='input_3_5' >Email<span class='gfield_required'>*<\/span><\/label><div class='ginput_container ginput_container_email'>\n                            <input name='input_5' id='input_3_5' type='text' value='' class='large'    aria-required=\"true\" aria-invalid=\"false\" \/>\n                        <\/div><\/li><li id='field_3_6'  class='gfield gfield_contains_required field_sublabel_below field_description_below gfield_visibility_visible' ><label class='gfield_label' for='input_3_6' >Ora\u0219<span class='gfield_required'>*<\/span><\/label><div class='ginput_container ginput_container_text'><input name='input_6' id='input_3_6' type='text' value='' class='large'     aria-required=\"true\" aria-invalid=\"false\" \/><\/div><\/li><li id='field_3_11'  class='gfield label-static gfield_contains_required field_sublabel_below field_description_below gfield_visibility_visible' ><label class='gfield_label' for='input_3_11' >Destinatar<span class='gfield_required'>*<\/span><\/label><div class='ginput_container ginput_container_select'><select name='input_11' id='input_3_11' class='large gfield_select'   aria-required=\"true\" aria-invalid=\"false\"><option value='' selected='selected' class='gf_placeholder'>Alege<\/option><option value='comenzi-dezinfectanti@farmec.ro' >Comenzi dezinfectanti<\/option><option value='comenzi@farmec.ro' >Cercetare<\/option><option value='marketing@farmec.ro' >Marketing<\/option><option value='calitate@farmec.ro' >Calitate<\/option><option value='vanzari@farmec.ro' >Vanzari<\/option><option value='achizitii@farmec.ro' >Achizitii (Furnizori)<\/option><option value='resurse_umane@farmec.ro' >Resurse Umane<\/option><option value='gheorghe.cuciureanu@farmec.ro' >Investitii<\/option><option value='export@farmec.ro' >Export<\/option><option value='contabilitate@farmec.ro' >Financiar-contabil<\/option><option value='administrativ@farmec.ro' >Administrativ<\/option><option value='comenzi@farmec.ro' >Magazin Online<\/option><\/select><\/div><\/li><li id='field_3_8'  class='gfield label-static gfield_contains_required field_sublabel_below field_description_below gfield_visibility_visible' ><label class='gfield_label' for='input_3_8' >Mesaj<span class='gfield_required'>*<\/span><\/label><div class='ginput_container ginput_container_textarea'><textarea name='input_8' id='input_3_8' class='textarea large'     aria-required=\"true\" aria-invalid=\"false\"   rows='10' cols='50'><\/textarea><\/div><\/li><li id='field_3_12'  class='gfield hide-span gfield_contains_required field_sublabel_below field_description_below gfield_visibility_visible' ><label class='gfield_label'  ><span class='gfield_required'>*<\/span><\/label><div class='ginput_container ginput_container_checkbox'><ul class='gfield_checkbox' id='input_3_12'><li class='gchoice_3_12_1'>\n\t\t\t\t\t\t\t\t<input name='input_12.1' type='checkbox'  value='Sunt de acord \u015fi am luat la cuno\u015ftin\u0163\u0103 &lt;a href=&quot;https:\/\/www.farmec.ro\/page\/termeni-si-conditii&quot;&gt;Termenii \u015fi condi\u0163iile&lt;\/a&gt;'  id='choice_3_12_1'   \/>\n\t\t\t\t\t\t\t\t<label for='choice_3_12_1' id='label_3_12_1'>Sunt de acord \u015fi am luat la cuno\u015ftin\u0163\u0103 <a href=\"https:\/\/www.farmec.ro\/page\/termeni-si-conditii\">Termenii \u015fi condi\u0163iile<\/a><\/label>\n\t\t\t\t\t\t\t<\/li><\/ul><\/div><\/li><li id='field_3_13'  class='gfield field_sublabel_below field_description_below gfield_visibility_visible' ><label class='gfield_label' for='input_3_13' ><\/label><div id='input_3_13' class='ginput_container ginput_recaptcha' data-sitekey='6Ldmyi0hAAAAAIQEaazL3uVwteS5QTVo4O87D6gF'  data-theme='light' data-tabindex='0'  data-badge=''><\/div><\/li>\n                            <\/ul><\/div>\n        <div class='gform_footer top_label'> <input type='submit' id='gform_submit_button_3' class='gform_button button' value='TRIMITE MESAJUL'  onclick='if(window[\"gf_submitting_3\"]){return false;}  window[\"gf_submitting_3\"]=true;  ' onkeypress='if( event.keyCode == 13 ){ if(window[\"gf_submitting_3\"]){return false;} window[\"gf_submitting_3\"]=true;  jQuery(\"#gform_3\").trigger(\"submit\",[true]); }' \/> \n            <input type='hidden' class='gform_hidden' name='is_submit_3' value='1' \/>\n            <input type='hidden' class='gform_hidden' name='gform_submit' value='3' \/>\n            \n            <input type='hidden' class='gform_hidden' name='gform_unique_id' value='' \/>\n            <input type='hidden' class='gform_hidden' name='state_3' value='WyJbXSIsIjE4ZmViMmZkNmNhNGE0MTU2YTM0ZTMwZWMxM2JlM2Y3Il0=' \/>\n            <input type='hidden' class='gform_hidden' name='gform_target_page_number_3' id='gform_target_page_number_3' value='0' \/>\n            <input type='hidden' class='gform_hidden' name='gform_source_page_number_3' id='gform_source_page_number_3' value='1' \/>\n            <input type='hidden' name='gform_field_values' value='' \/>\n            \n        <\/div>\n                        <\/form>\n                        <\/div><script type='text\/javascript'> jQuery(document).bind('gform_post_render', function(event, formId, currentPage){if(formId == 3) {if(typeof Placeholders != 'undefined'){\n                        Placeholders.enable();\n                    }} } );jQuery(document).bind('gform_post_conditional_logic', function(event, formId, fields, isInit){} );<\/script><script type='text\/javascript'> jQuery(document).ready(function(){jQuery(document).trigger('gform_post_render', [3, 1]) } ); <\/script><\/div>\n\n\n\n<div class=\"wp-block-column\">\n<p><strong>SEDIUL CENTRAL<\/strong><\/p>\n\n\n\n<p>H. Barbusse, 16, 400616, Cluj-Napoca, Cluj, Romania<br><a href=\"tel: +40264 432 884\">+40264 432 884<\/a> (centrala)<br><a href=\"tel: +40 372 406 300\">+40 372 406 300<\/a> (magazin online)<\/p>\n\n\n\n<div class=\"wp-container-69f4e3bd931f2 wp-block-group highlighted\"><div class=\"wp-block-group__inner-container\">\n<p>RO 199150<br>J1991000014122<\/p>\n<\/div><\/div>\n\n\n\n<div style=\"height:50px\" aria-hidden=\"true\" class=\"wp-block-spacer\"><\/div>\n\n\n\n<p><strong>REPREZENTANTE<\/strong><br>Formularele se vor completa doar de persoane juridice.<\/p>\n\n\n<a href=\"#\" target=\"_blank\">\n<div class=\"listbox listbox--download intern-toggle\">\n\t<div class=\"listbox-title\">\n\t\tFormular pentru v\u00e2nzarea produselor Farmec pe plan intern (Retail)\t<\/div>\n\t<div class=\"listbox-next\">\n\t\t<svg xmlns=\"http:\/\/www.w3.org\/2000\/svg\" width=\"8.238\" height=\"14.021\" viewBox=\"0 0 8.238 14.021\"><g data-name=\"Group 651\"><path data-name=\"Path 2343\" d=\"M8.014 6.464L1.774.224a.769.769 0 0 0-1.085 0l-.46.459a.768.768 0 0 0 0 1.085l5.24 5.24-5.247 5.245a.769.769 0 0 0 0 1.085l.46.459a.769.769 0 0 0 1.085 0l6.246-6.245a.774.774 0 0 0 0-1.089z\"\/><\/g><\/svg>\n\t<\/div>\n<\/div>\n<\/a>\n\n<a href=\"#\" target=\"_blank\">\n<div class=\"listbox listbox--download extern-toggle\">\n\t<div class=\"listbox-title\">\n\t\tFormular pentru v\u00e2nzarea produselor Farmec pe plan extern\t<\/div>\n\t<div class=\"listbox-next\">\n\t\t<svg xmlns=\"http:\/\/www.w3.org\/2000\/svg\" width=\"8.238\" height=\"14.021\" viewBox=\"0 0 8.238 14.021\"><g data-name=\"Group 651\"><path data-name=\"Path 2343\" d=\"M8.014 6.464L1.774.224a.769.769 0 0 0-1.085 0l-.46.459a.768.768 0 0 0 0 1.085l5.24 5.24-5.247 5.245a.769.769 0 0 0 0 1.085l.46.459a.769.769 0 0 0 1.085 0l6.246-6.245a.774.774 0 0 0 0-1.089z\"\/><\/g><\/svg>\n\t<\/div>\n<\/div>\n<\/a>\n\n\n<p class=\"harta-distributie\"><a href=\"\/compania\/distributie\/\">Vezi harta distribu\u021bie<\/a><\/p>\n<\/div>\n<\/div>\n\n\n\n<p><\/p>\n","protected":false},"excerpt":{"rendered":"<p>SEDIUL CENTRAL H. Barbusse, 16, 400616, Cluj-Napoca, Cluj, Romania+40264 432 884 (centrala)+40 372 406 300 (magazin online) RO 199150J1991000014122 REPREZENTANTEFormularele se vor completa doar de persoane juridice. Vezi harta distribu\u021bie<\/p>\n","protected":false},"author":12,"featured_media":0,"parent":0,"menu_order":0,"comment_status":"closed","ping_status":"closed","template":"","meta":[],"yoast_head":"<!-- This site is optimized with the Yoast SEO plugin v18.4.1 - https:\/\/yoast.com\/wordpress\/plugins\/seo\/ -->\n<title>Contact &mdash; FARMEC<\/title>\n<meta name=\"robots\" content=\"index, follow, max-snippet:-1, max-image-preview:large, max-video-preview:-1\" \/>\n<link rel=\"canonical\" href=\"https:\/\/www.farmec.ro\/compania\/contact\/\" \/>\n<meta property=\"og:locale\" content=\"ro_RO\" \/>\n<meta property=\"og:type\" content=\"article\" \/>\n<meta property=\"og:title\" content=\"Contact &mdash; FARMEC\" \/>\n<meta property=\"og:description\" content=\"SEDIUL CENTRAL H. Barbusse, 16, 400616, Cluj-Napoca, Cluj, Romania+40264 432 884 (centrala)+40 372 406 300 (magazin online) RO 199150J1991000014122 REPREZENTANTEFormularele se vor completa doar de persoane juridice. Vezi harta distribu\u021bie\" \/>\n<meta property=\"og:url\" content=\"https:\/\/www.farmec.ro\/compania\/contact\/\" \/>\n<meta property=\"og:site_name\" content=\"FARMEC\" \/>\n<meta property=\"article:modified_time\" content=\"2025-05-05T06:16:00+00:00\" \/>\n<meta name=\"twitter:card\" content=\"summary_large_image\" \/>\n<meta name=\"twitter:label1\" content=\"Est. reading time\" \/>\n\t<meta name=\"twitter:data1\" content=\"1 minut\" \/>\n<script type=\"application\/ld+json\" class=\"yoast-schema-graph\">{\"@context\":\"https:\/\/schema.org\",\"@graph\":[{\"@type\":\"WebSite\",\"@id\":\"https:\/\/www.farmec.ro\/compania\/#website\",\"url\":\"https:\/\/www.farmec.ro\/compania\/\",\"name\":\"FARMEC\",\"description\":\"Brand Rom\u00e2nesc\",\"potentialAction\":[{\"@type\":\"SearchAction\",\"target\":{\"@type\":\"EntryPoint\",\"urlTemplate\":\"https:\/\/www.farmec.ro\/compania\/?s={search_term_string}\"},\"query-input\":\"required name=search_term_string\"}],\"inLanguage\":\"ro-RO\"},{\"@type\":\"WebPage\",\"@id\":\"https:\/\/www.farmec.ro\/compania\/contact\/#webpage\",\"url\":\"https:\/\/www.farmec.ro\/compania\/contact\/\",\"name\":\"Contact &mdash; FARMEC\",\"isPartOf\":{\"@id\":\"https:\/\/www.farmec.ro\/compania\/#website\"},\"datePublished\":\"2020-05-11T09:57:51+00:00\",\"dateModified\":\"2025-05-05T06:16:00+00:00\",\"breadcrumb\":{\"@id\":\"https:\/\/www.farmec.ro\/compania\/contact\/#breadcrumb\"},\"inLanguage\":\"ro-RO\",\"potentialAction\":[{\"@type\":\"ReadAction\",\"target\":[\"https:\/\/www.farmec.ro\/compania\/contact\/\"]}]},{\"@type\":\"BreadcrumbList\",\"@id\":\"https:\/\/www.farmec.ro\/compania\/contact\/#breadcrumb\",\"itemListElement\":[{\"@type\":\"ListItem\",\"position\":1,\"name\":\"Acas\u0103\",\"item\":\"https:\/\/www.farmec.ro\/compania\/\"},{\"@type\":\"ListItem\",\"position\":2,\"name\":\"Contact\"}]}]}<\/script>\n<!-- \/ Yoast SEO plugin. -->","yoast_head_json":{"title":"Contact &mdash; FARMEC","robots":{"index":"index","follow":"follow","max-snippet":"max-snippet:-1","max-image-preview":"max-image-preview:large","max-video-preview":"max-video-preview:-1"},"canonical":"https:\/\/www.farmec.ro\/compania\/contact\/","og_locale":"ro_RO","og_type":"article","og_title":"Contact &mdash; FARMEC","og_description":"SEDIUL CENTRAL H. Barbusse, 16, 400616, Cluj-Napoca, Cluj, Romania+40264 432 884 (centrala)+40 372 406 300 (magazin online) RO 199150J1991000014122 REPREZENTANTEFormularele se vor completa doar de persoane juridice. Vezi harta distribu\u021bie","og_url":"https:\/\/www.farmec.ro\/compania\/contact\/","og_site_name":"FARMEC","article_modified_time":"2025-05-05T06:16:00+00:00","twitter_card":"summary_large_image","twitter_misc":{"Est. reading time":"1 minut"},"schema":{"@context":"https:\/\/schema.org","@graph":[{"@type":"WebSite","@id":"https:\/\/www.farmec.ro\/compania\/#website","url":"https:\/\/www.farmec.ro\/compania\/","name":"FARMEC","description":"Brand Rom\u00e2nesc","potentialAction":[{"@type":"SearchAction","target":{"@type":"EntryPoint","urlTemplate":"https:\/\/www.farmec.ro\/compania\/?s={search_term_string}"},"query-input":"required name=search_term_string"}],"inLanguage":"ro-RO"},{"@type":"WebPage","@id":"https:\/\/www.farmec.ro\/compania\/contact\/#webpage","url":"https:\/\/www.farmec.ro\/compania\/contact\/","name":"Contact &mdash; FARMEC","isPartOf":{"@id":"https:\/\/www.farmec.ro\/compania\/#website"},"datePublished":"2020-05-11T09:57:51+00:00","dateModified":"2025-05-05T06:16:00+00:00","breadcrumb":{"@id":"https:\/\/www.farmec.ro\/compania\/contact\/#breadcrumb"},"inLanguage":"ro-RO","potentialAction":[{"@type":"ReadAction","target":["https:\/\/www.farmec.ro\/compania\/contact\/"]}]},{"@type":"BreadcrumbList","@id":"https:\/\/www.farmec.ro\/compania\/contact\/#breadcrumb","itemListElement":[{"@type":"ListItem","position":1,"name":"Acas\u0103","item":"https:\/\/www.farmec.ro\/compania\/"},{"@type":"ListItem","position":2,"name":"Contact"}]}]}},"_links":{"self":[{"href":"https:\/\/www.farmec.ro\/compania\/wp-json\/wp\/v2\/pages\/280"}],"collection":[{"href":"https:\/\/www.farmec.ro\/compania\/wp-json\/wp\/v2\/pages"}],"about":[{"href":"https:\/\/www.farmec.ro\/compania\/wp-json\/wp\/v2\/types\/page"}],"author":[{"embeddable":true,"href":"https:\/\/www.farmec.ro\/compania\/wp-json\/wp\/v2\/users\/12"}],"replies":[{"embeddable":true,"href":"https:\/\/www.farmec.ro\/compania\/wp-json\/wp\/v2\/comments?post=280"}],"version-history":[{"count":19,"href":"https:\/\/www.farmec.ro\/compania\/wp-json\/wp\/v2\/pages\/280\/revisions"}],"predecessor-version":[{"id":42736,"href":"https:\/\/www.farmec.ro\/compania\/wp-json\/wp\/v2\/pages\/280\/revisions\/42736"}],"wp:attachment":[{"href":"https:\/\/www.farmec.ro\/compania\/wp-json\/wp\/v2\/media?parent=280"}],"curies":[{"name":"wp","href":"https:\/\/api.w.org\/{rel}","templated":true}]}}