{"id":370,"date":"2020-05-20T09:03:52","date_gmt":"2020-05-20T09:03:52","guid":{"rendered":"https:\/\/www.farmec.ro\/compania\/?page_id=370"},"modified":"2023-09-06T07:57:27","modified_gmt":"2023-09-06T07:57:27","slug":"reprezentante-din-romania","status":"publish","type":"page","link":"https:\/\/www.farmec.ro\/compania\/reprezentante-din-romania\/","title":{"rendered":"Reprezentan\u021be \u00een Rom\u00e2nia"},"content":{"rendered":"\n<p>Dezvoltarea companiei este sus\u0163inut\u0103 de consolidarea permanent\u0103 a propriei re\u0163ele de distribu\u0163ie, dezvoltat\u0103 la nivel na\u0163ional, coordonat\u0103 prin intermediul reprezentan\u0163elor \u015fi punctelor de lucru din principalele ora\u015fe ale Rom\u00e2niei.<\/p>\n","protected":false},"excerpt":{"rendered":"<p>Dezvoltarea companiei este sus\u0163inut\u0103 de consolidarea permanent\u0103 a propriei re\u0163ele de distribu\u0163ie, dezvoltat\u0103 la nivel na\u0163ional, coordonat\u0103 prin intermediul reprezentan\u0163elor \u015fi punctelor de lucru din principalele ora\u015fe ale Rom\u00e2niei.<\/p>\n","protected":false},"author":12,"featured_media":0,"parent":0,"menu_order":0,"comment_status":"closed","ping_status":"closed","template":"","meta":[],"yoast_head":"<!-- This site is optimized with the Yoast SEO plugin v18.4.1 - https:\/\/yoast.com\/wordpress\/plugins\/seo\/ -->\n<title>Reprezentan\u021be \u00een Rom\u00e2nia &mdash; FARMEC<\/title>\n<meta name=\"robots\" content=\"index, follow, max-snippet:-1, max-image-preview:large, max-video-preview:-1\" \/>\n<link rel=\"canonical\" href=\"https:\/\/www.farmec.ro\/compania\/reprezentante-din-romania\/\" \/>\n<meta property=\"og:locale\" content=\"ro_RO\" \/>\n<meta property=\"og:type\" content=\"article\" \/>\n<meta property=\"og:title\" content=\"Reprezentan\u021be \u00een Rom\u00e2nia &mdash; FARMEC\" \/>\n<meta property=\"og:description\" content=\"Dezvoltarea companiei este sus\u0163inut\u0103 de consolidarea permanent\u0103 a propriei re\u0163ele de distribu\u0163ie, dezvoltat\u0103 la nivel na\u0163ional, coordonat\u0103 prin intermediul reprezentan\u0163elor \u015fi punctelor de lucru din principalele ora\u015fe ale Rom\u00e2niei.\" \/>\n<meta property=\"og:url\" content=\"https:\/\/www.farmec.ro\/compania\/reprezentante-din-romania\/\" \/>\n<meta property=\"og:site_name\" content=\"FARMEC\" \/>\n<meta property=\"article:modified_time\" content=\"2023-09-06T07:57:27+00:00\" \/>\n<meta name=\"twitter:card\" content=\"summary_large_image\" \/>\n<meta name=\"twitter:label1\" content=\"Est. reading time\" \/>\n\t<meta name=\"twitter:data1\" content=\"1 minut\" \/>\n<script type=\"application\/ld+json\" class=\"yoast-schema-graph\">{\"@context\":\"https:\/\/schema.org\",\"@graph\":[{\"@type\":\"WebSite\",\"@id\":\"https:\/\/www.farmec.ro\/compania\/#website\",\"url\":\"https:\/\/www.farmec.ro\/compania\/\",\"name\":\"FARMEC\",\"description\":\"Brand Rom\u00e2nesc\",\"potentialAction\":[{\"@type\":\"SearchAction\",\"target\":{\"@type\":\"EntryPoint\",\"urlTemplate\":\"https:\/\/www.farmec.ro\/compania\/?s={search_term_string}\"},\"query-input\":\"required name=search_term_string\"}],\"inLanguage\":\"ro-RO\"},{\"@type\":\"WebPage\",\"@id\":\"https:\/\/www.farmec.ro\/compania\/reprezentante-din-romania\/#webpage\",\"url\":\"https:\/\/www.farmec.ro\/compania\/reprezentante-din-romania\/\",\"name\":\"Reprezentan\u021be \u00een Rom\u00e2nia &mdash; FARMEC\",\"isPartOf\":{\"@id\":\"https:\/\/www.farmec.ro\/compania\/#website\"},\"datePublished\":\"2020-05-20T09:03:52+00:00\",\"dateModified\":\"2023-09-06T07:57:27+00:00\",\"breadcrumb\":{\"@id\":\"https:\/\/www.farmec.ro\/compania\/reprezentante-din-romania\/#breadcrumb\"},\"inLanguage\":\"ro-RO\",\"potentialAction\":[{\"@type\":\"ReadAction\",\"target\":[\"https:\/\/www.farmec.ro\/compania\/reprezentante-din-romania\/\"]}]},{\"@type\":\"BreadcrumbList\",\"@id\":\"https:\/\/www.farmec.ro\/compania\/reprezentante-din-romania\/#breadcrumb\",\"itemListElement\":[{\"@type\":\"ListItem\",\"position\":1,\"name\":\"Acas\u0103\",\"item\":\"https:\/\/www.farmec.ro\/compania\/\"},{\"@type\":\"ListItem\",\"position\":2,\"name\":\"Reprezentan\u021be \u00een Rom\u00e2nia\"}]}]}<\/script>\n<!-- \/ Yoast SEO plugin. -->","yoast_head_json":{"title":"Reprezentan\u021be \u00een Rom\u00e2nia &mdash; FARMEC","robots":{"index":"index","follow":"follow","max-snippet":"max-snippet:-1","max-image-preview":"max-image-preview:large","max-video-preview":"max-video-preview:-1"},"canonical":"https:\/\/www.farmec.ro\/compania\/reprezentante-din-romania\/","og_locale":"ro_RO","og_type":"article","og_title":"Reprezentan\u021be \u00een Rom\u00e2nia &mdash; FARMEC","og_description":"Dezvoltarea companiei este sus\u0163inut\u0103 de consolidarea permanent\u0103 a propriei re\u0163ele de distribu\u0163ie, dezvoltat\u0103 la nivel na\u0163ional, coordonat\u0103 prin intermediul reprezentan\u0163elor \u015fi punctelor de lucru din principalele ora\u015fe ale Rom\u00e2niei.","og_url":"https:\/\/www.farmec.ro\/compania\/reprezentante-din-romania\/","og_site_name":"FARMEC","article_modified_time":"2023-09-06T07:57:27+00:00","twitter_card":"summary_large_image","twitter_misc":{"Est. reading time":"1 minut"},"schema":{"@context":"https:\/\/schema.org","@graph":[{"@type":"WebSite","@id":"https:\/\/www.farmec.ro\/compania\/#website","url":"https:\/\/www.farmec.ro\/compania\/","name":"FARMEC","description":"Brand Rom\u00e2nesc","potentialAction":[{"@type":"SearchAction","target":{"@type":"EntryPoint","urlTemplate":"https:\/\/www.farmec.ro\/compania\/?s={search_term_string}"},"query-input":"required name=search_term_string"}],"inLanguage":"ro-RO"},{"@type":"WebPage","@id":"https:\/\/www.farmec.ro\/compania\/reprezentante-din-romania\/#webpage","url":"https:\/\/www.farmec.ro\/compania\/reprezentante-din-romania\/","name":"Reprezentan\u021be \u00een Rom\u00e2nia &mdash; FARMEC","isPartOf":{"@id":"https:\/\/www.farmec.ro\/compania\/#website"},"datePublished":"2020-05-20T09:03:52+00:00","dateModified":"2023-09-06T07:57:27+00:00","breadcrumb":{"@id":"https:\/\/www.farmec.ro\/compania\/reprezentante-din-romania\/#breadcrumb"},"inLanguage":"ro-RO","potentialAction":[{"@type":"ReadAction","target":["https:\/\/www.farmec.ro\/compania\/reprezentante-din-romania\/"]}]},{"@type":"BreadcrumbList","@id":"https:\/\/www.farmec.ro\/compania\/reprezentante-din-romania\/#breadcrumb","itemListElement":[{"@type":"ListItem","position":1,"name":"Acas\u0103","item":"https:\/\/www.farmec.ro\/compania\/"},{"@type":"ListItem","position":2,"name":"Reprezentan\u021be \u00een Rom\u00e2nia"}]}]}},"_links":{"self":[{"href":"https:\/\/www.farmec.ro\/compania\/wp-json\/wp\/v2\/pages\/370"}],"collection":[{"href":"https:\/\/www.farmec.ro\/compania\/wp-json\/wp\/v2\/pages"}],"about":[{"href":"https:\/\/www.farmec.ro\/compania\/wp-json\/wp\/v2\/types\/page"}],"author":[{"embeddable":true,"href":"https:\/\/www.farmec.ro\/compania\/wp-json\/wp\/v2\/users\/12"}],"replies":[{"embeddable":true,"href":"https:\/\/www.farmec.ro\/compania\/wp-json\/wp\/v2\/comments?post=370"}],"version-history":[{"count":4,"href":"https:\/\/www.farmec.ro\/compania\/wp-json\/wp\/v2\/pages\/370\/revisions"}],"predecessor-version":[{"id":36634,"href":"https:\/\/www.farmec.ro\/compania\/wp-json\/wp\/v2\/pages\/370\/revisions\/36634"}],"wp:attachment":[{"href":"https:\/\/www.farmec.ro\/compania\/wp-json\/wp\/v2\/media?parent=370"}],"curies":[{"name":"wp","href":"https:\/\/api.w.org\/{rel}","templated":true}]}}