{"id":394,"date":"2020-05-26T13:40:45","date_gmt":"2020-05-26T13:40:45","guid":{"rendered":"https:\/\/www.farmec.ro\/compania\/?page_id=394"},"modified":"2024-09-23T07:41:53","modified_gmt":"2024-09-23T07:41:53","slug":"dermoanaliza","status":"publish","type":"page","link":"https:\/\/www.farmec.ro\/compania\/atelierul-de-frumusete\/dermoanaliza\/","title":{"rendered":"\u015eedin\u0163e gratuite de dermoanaliz\u0103"},"content":{"rendered":"\n<div class=\"wp-container-69f224cf4f782 wp-block-group\"><div class=\"wp-block-group__inner-container\">\n<div class=\"wp-container-69f224cf4f594 wp-block-group\"><div class=\"wp-block-group__inner-container\">\n<div class=\"wp-container-69f224cf4f389 wp-block-group\"><div class=\"wp-block-group__inner-container\">\n<div class=\"wp-container-69f224cf4f0e9 wp-block-group\"><div class=\"wp-block-group__inner-container\">\n<figure class=\"wp-block-image size-full\"><img loading=\"lazy\" width=\"1182\" height=\"377\" src=\"https:\/\/www.farmec.ro\/compania\/wp-content\/uploads\/2020\/07\/Group-1660.png\" alt=\"\" class=\"wp-image-4910\" srcset=\"https:\/\/www.farmec.ro\/compania\/wp-content\/uploads\/2020\/07\/Group-1660.png 1182w, https:\/\/www.farmec.ro\/compania\/wp-content\/uploads\/2020\/07\/Group-1660-300x96.png 300w, https:\/\/www.farmec.ro\/compania\/wp-content\/uploads\/2020\/07\/Group-1660-1024x327.png 1024w, https:\/\/www.farmec.ro\/compania\/wp-content\/uploads\/2020\/07\/Group-1660-768x245.png 768w, https:\/\/www.farmec.ro\/compania\/wp-content\/uploads\/2020\/07\/Group-1660-780x249.png 780w, https:\/\/www.farmec.ro\/compania\/wp-content\/uploads\/2020\/07\/Group-1660-377x120.png 377w, https:\/\/www.farmec.ro\/compania\/wp-content\/uploads\/2020\/07\/Group-1660-216x69.png 216w, https:\/\/www.farmec.ro\/compania\/wp-content\/uploads\/2020\/07\/Group-1660-378x121.png 378w, https:\/\/www.farmec.ro\/compania\/wp-content\/uploads\/2020\/07\/Group-1660-338x108.png 338w\" sizes=\"(max-width: 1182px) 100vw, 1182px\" \/><\/figure>\n<\/div><\/div>\n<\/div><\/div>\n<\/div><\/div>\n<\/div><\/div>\n\n\n\n<p>Dermoanaliza este primul pas pentru alegerea corect\u0103 a tratamentului \u0219i produselor de \u00eengrijire a tenului! O \u0219edin\u021b\u0103 de dermoanaliz\u0103 v\u0103 ajut\u0103 s\u0103 determina\u021bi tipul \u0219i particularit\u0103\u021bile tenului dumneavoastr\u0103. Vom analiza nivelul de hidratare, elasticitatea, nivelul de sebum \u015fi gradul de pigmentare a pielii, prin m\u0103suratori instrumentale specifice.<\/p>\n\n\n\n<p>Specialistul nostru va putea oferi \u00een urma analizei indica\u0163ii pentru o rutin\u0103 de \u00eengrijire complet\u0103 \u0219i potrivit\u0103. Rezultatele acestor teste au un caracter orientativ \u015fi trebuie confirmate de medicul dermatolog.<\/p>\n\n\n\n<div class=\"tratament-orar\">\n\t\t\t\t<div class=\"tratament-orar-col tratament-orar-col--highlight\">\n\t\t\t\t\t<h3>PROGRAM<\/h3>\n\t\t\t\t\t<p><strong>Luni &#8211; Vineri:<\/strong> 09:00 &#8211; 20:00<br>\n\t\t\t\t\t<strong>S\u00e2mb\u0103t\u0103 &#8211; Duminica:<\/strong> \u00cenchis<\/p>\n\t\t\t\t\t<p>Pentru acurate\u0163ea rezultatelor v\u0103 rug\u0103m s\u0103 nu v\u0103 machia\u0163i \u00een momentul \u00een care v\u0103 prezenta\u0163i la dermoanaliz\u0103 (fond de ten, pudr\u0103, etc.). De asemenea este indicat s\u0103 nu folosi\u0163i nici un fel de crem\u0103 \u00eenaintea analizei.<\/p>\n\t\t\t\t<\/div>\n\t\t\t\t<div class=\"tratament-orar-col\">\n\t\t\t\t\t<p>Pentru program\u0103ri v\u0103 rug\u0103m s\u0103 ne contacta\u0163i la: <strong><a href=\"mailto:atelierdefrumusete@farmec.ro\">atelierdefrumusete@farmec.ro<\/a><\/strong> <br>\n\t\t\t\t\tsau la numerele de telefon:<\/p>\n\t\t\t\t\t<p>\n\t\t\t\t\t\t<strong><a href=\"tel:0734 881 111\">0734 881 111<\/a><\/strong><br>\n\t\t\t\t\t\t<strong><a href=\"tel:0372 647 226\">0372 647 226<\/a><\/strong>\n\t\t\t\t\t<\/p>\n\t\t\t\t\t<p>str. Bucure\u0219ti, nr. 55, Cluj-Napoca<\/p>\n\t\t\t\t<\/div>\n\t\t\t<\/div>\n\n\n\n<a href=\"https:\/\/www.farmec.ro\/compania\/atelierul-de-frumusete\/\" class=\"button button--rounded button--uppercase button--inverse button--visible-xs\">\u00cenapoi la lista de servicii pentru Atelier de frumusete<\/a>\n","protected":false},"excerpt":{"rendered":"<p>Dermoanaliza este primul pas pentru alegerea corect\u0103 a tratamentului \u0219i produselor de \u00eengrijire a tenului! O \u0219edin\u021b\u0103 de dermoanaliz\u0103 v\u0103 ajut\u0103 s\u0103 determina\u021bi tipul \u0219i particularit\u0103\u021bile tenului dumneavoastr\u0103. Vom analiza nivelul de hidratare, elasticitatea, nivelul de sebum \u015fi gradul de pigmentare a pielii, prin m\u0103suratori instrumentale specifice. Specialistul nostru va putea oferi \u00een urma analizei [&hellip;]<\/p>\n","protected":false},"author":12,"featured_media":0,"parent":239,"menu_order":0,"comment_status":"closed","ping_status":"closed","template":"","meta":[],"yoast_head":"<!-- This site is optimized with the Yoast SEO plugin v18.4.1 - https:\/\/yoast.com\/wordpress\/plugins\/seo\/ -->\n<title>\u015eedin\u0163e gratuite de dermoanaliz\u0103 &mdash; FARMEC<\/title>\n<meta name=\"description\" content=\"O \u0219edin\u021b\u0103 de dermoanaliz\u0103 v\u0103 ajut\u0103 s\u0103 determina\u021bi tipul \u0219i particularit\u0103\u021bile tenului dumneavoastr\u0103.\" \/>\n<meta name=\"robots\" content=\"index, follow, max-snippet:-1, max-image-preview:large, max-video-preview:-1\" \/>\n<link rel=\"canonical\" href=\"https:\/\/www.farmec.ro\/compania\/atelierul-de-frumusete\/dermoanaliza\/\" \/>\n<meta property=\"og:locale\" content=\"ro_RO\" \/>\n<meta property=\"og:type\" content=\"article\" \/>\n<meta property=\"og:title\" content=\"\u015eedin\u0163e gratuite de dermoanaliz\u0103 &mdash; FARMEC\" \/>\n<meta property=\"og:description\" content=\"O \u0219edin\u021b\u0103 de dermoanaliz\u0103 v\u0103 ajut\u0103 s\u0103 determina\u021bi tipul \u0219i particularit\u0103\u021bile tenului dumneavoastr\u0103.\" \/>\n<meta property=\"og:url\" content=\"https:\/\/www.farmec.ro\/compania\/atelierul-de-frumusete\/dermoanaliza\/\" \/>\n<meta property=\"og:site_name\" content=\"FARMEC\" \/>\n<meta property=\"article:modified_time\" content=\"2024-09-23T07:41:53+00:00\" \/>\n<meta property=\"og:image\" content=\"https:\/\/www.farmec.ro\/compania\/wp-content\/uploads\/2020\/07\/Group-1660.png\" \/>\n<meta name=\"twitter:card\" content=\"summary_large_image\" \/>\n<meta name=\"twitter:label1\" content=\"Est. reading time\" \/>\n\t<meta name=\"twitter:data1\" content=\"2 minute\" \/>\n<script type=\"application\/ld+json\" class=\"yoast-schema-graph\">{\"@context\":\"https:\/\/schema.org\",\"@graph\":[{\"@type\":\"WebSite\",\"@id\":\"https:\/\/www.farmec.ro\/compania\/#website\",\"url\":\"https:\/\/www.farmec.ro\/compania\/\",\"name\":\"FARMEC\",\"description\":\"Brand Rom\u00e2nesc\",\"potentialAction\":[{\"@type\":\"SearchAction\",\"target\":{\"@type\":\"EntryPoint\",\"urlTemplate\":\"https:\/\/www.farmec.ro\/compania\/?s={search_term_string}\"},\"query-input\":\"required name=search_term_string\"}],\"inLanguage\":\"ro-RO\"},{\"@type\":\"ImageObject\",\"@id\":\"https:\/\/www.farmec.ro\/compania\/atelierul-de-frumusete\/dermoanaliza\/#primaryimage\",\"inLanguage\":\"ro-RO\",\"url\":\"https:\/\/www.farmec.ro\/compania\/wp-content\/uploads\/2020\/07\/Group-1660.png\",\"contentUrl\":\"https:\/\/www.farmec.ro\/compania\/wp-content\/uploads\/2020\/07\/Group-1660.png\",\"width\":1182,\"height\":377},{\"@type\":\"WebPage\",\"@id\":\"https:\/\/www.farmec.ro\/compania\/atelierul-de-frumusete\/dermoanaliza\/#webpage\",\"url\":\"https:\/\/www.farmec.ro\/compania\/atelierul-de-frumusete\/dermoanaliza\/\",\"name\":\"\u015eedin\u0163e gratuite de dermoanaliz\u0103 &mdash; FARMEC\",\"isPartOf\":{\"@id\":\"https:\/\/www.farmec.ro\/compania\/#website\"},\"primaryImageOfPage\":{\"@id\":\"https:\/\/www.farmec.ro\/compania\/atelierul-de-frumusete\/dermoanaliza\/#primaryimage\"},\"datePublished\":\"2020-05-26T13:40:45+00:00\",\"dateModified\":\"2024-09-23T07:41:53+00:00\",\"description\":\"O \u0219edin\u021b\u0103 de dermoanaliz\u0103 v\u0103 ajut\u0103 s\u0103 determina\u021bi tipul \u0219i particularit\u0103\u021bile tenului dumneavoastr\u0103.\",\"breadcrumb\":{\"@id\":\"https:\/\/www.farmec.ro\/compania\/atelierul-de-frumusete\/dermoanaliza\/#breadcrumb\"},\"inLanguage\":\"ro-RO\",\"potentialAction\":[{\"@type\":\"ReadAction\",\"target\":[\"https:\/\/www.farmec.ro\/compania\/atelierul-de-frumusete\/dermoanaliza\/\"]}]},{\"@type\":\"BreadcrumbList\",\"@id\":\"https:\/\/www.farmec.ro\/compania\/atelierul-de-frumusete\/dermoanaliza\/#breadcrumb\",\"itemListElement\":[{\"@type\":\"ListItem\",\"position\":1,\"name\":\"Acas\u0103\",\"item\":\"https:\/\/www.farmec.ro\/compania\/\"},{\"@type\":\"ListItem\",\"position\":2,\"name\":\"Atelierul de Frumuse\u021be\",\"item\":\"https:\/\/www.farmec.ro\/compania\/atelierul-de-frumusete\/\"},{\"@type\":\"ListItem\",\"position\":3,\"name\":\"\u015eedin\u0163e gratuite de dermoanaliz\u0103\"}]}]}<\/script>\n<!-- \/ Yoast SEO plugin. -->","yoast_head_json":{"title":"\u015eedin\u0163e gratuite de dermoanaliz\u0103 &mdash; FARMEC","description":"O \u0219edin\u021b\u0103 de dermoanaliz\u0103 v\u0103 ajut\u0103 s\u0103 determina\u021bi tipul \u0219i particularit\u0103\u021bile tenului dumneavoastr\u0103.","robots":{"index":"index","follow":"follow","max-snippet":"max-snippet:-1","max-image-preview":"max-image-preview:large","max-video-preview":"max-video-preview:-1"},"canonical":"https:\/\/www.farmec.ro\/compania\/atelierul-de-frumusete\/dermoanaliza\/","og_locale":"ro_RO","og_type":"article","og_title":"\u015eedin\u0163e gratuite de dermoanaliz\u0103 &mdash; FARMEC","og_description":"O \u0219edin\u021b\u0103 de dermoanaliz\u0103 v\u0103 ajut\u0103 s\u0103 determina\u021bi tipul \u0219i particularit\u0103\u021bile tenului dumneavoastr\u0103.","og_url":"https:\/\/www.farmec.ro\/compania\/atelierul-de-frumusete\/dermoanaliza\/","og_site_name":"FARMEC","article_modified_time":"2024-09-23T07:41:53+00:00","og_image":[{"url":"https:\/\/www.farmec.ro\/compania\/wp-content\/uploads\/2020\/07\/Group-1660.png"}],"twitter_card":"summary_large_image","twitter_misc":{"Est. reading time":"2 minute"},"schema":{"@context":"https:\/\/schema.org","@graph":[{"@type":"WebSite","@id":"https:\/\/www.farmec.ro\/compania\/#website","url":"https:\/\/www.farmec.ro\/compania\/","name":"FARMEC","description":"Brand Rom\u00e2nesc","potentialAction":[{"@type":"SearchAction","target":{"@type":"EntryPoint","urlTemplate":"https:\/\/www.farmec.ro\/compania\/?s={search_term_string}"},"query-input":"required name=search_term_string"}],"inLanguage":"ro-RO"},{"@type":"ImageObject","@id":"https:\/\/www.farmec.ro\/compania\/atelierul-de-frumusete\/dermoanaliza\/#primaryimage","inLanguage":"ro-RO","url":"https:\/\/www.farmec.ro\/compania\/wp-content\/uploads\/2020\/07\/Group-1660.png","contentUrl":"https:\/\/www.farmec.ro\/compania\/wp-content\/uploads\/2020\/07\/Group-1660.png","width":1182,"height":377},{"@type":"WebPage","@id":"https:\/\/www.farmec.ro\/compania\/atelierul-de-frumusete\/dermoanaliza\/#webpage","url":"https:\/\/www.farmec.ro\/compania\/atelierul-de-frumusete\/dermoanaliza\/","name":"\u015eedin\u0163e gratuite de dermoanaliz\u0103 &mdash; FARMEC","isPartOf":{"@id":"https:\/\/www.farmec.ro\/compania\/#website"},"primaryImageOfPage":{"@id":"https:\/\/www.farmec.ro\/compania\/atelierul-de-frumusete\/dermoanaliza\/#primaryimage"},"datePublished":"2020-05-26T13:40:45+00:00","dateModified":"2024-09-23T07:41:53+00:00","description":"O \u0219edin\u021b\u0103 de dermoanaliz\u0103 v\u0103 ajut\u0103 s\u0103 determina\u021bi tipul \u0219i particularit\u0103\u021bile tenului dumneavoastr\u0103.","breadcrumb":{"@id":"https:\/\/www.farmec.ro\/compania\/atelierul-de-frumusete\/dermoanaliza\/#breadcrumb"},"inLanguage":"ro-RO","potentialAction":[{"@type":"ReadAction","target":["https:\/\/www.farmec.ro\/compania\/atelierul-de-frumusete\/dermoanaliza\/"]}]},{"@type":"BreadcrumbList","@id":"https:\/\/www.farmec.ro\/compania\/atelierul-de-frumusete\/dermoanaliza\/#breadcrumb","itemListElement":[{"@type":"ListItem","position":1,"name":"Acas\u0103","item":"https:\/\/www.farmec.ro\/compania\/"},{"@type":"ListItem","position":2,"name":"Atelierul de Frumuse\u021be","item":"https:\/\/www.farmec.ro\/compania\/atelierul-de-frumusete\/"},{"@type":"ListItem","position":3,"name":"\u015eedin\u0163e gratuite de dermoanaliz\u0103"}]}]}},"_links":{"self":[{"href":"https:\/\/www.farmec.ro\/compania\/wp-json\/wp\/v2\/pages\/394"}],"collection":[{"href":"https:\/\/www.farmec.ro\/compania\/wp-json\/wp\/v2\/pages"}],"about":[{"href":"https:\/\/www.farmec.ro\/compania\/wp-json\/wp\/v2\/types\/page"}],"author":[{"embeddable":true,"href":"https:\/\/www.farmec.ro\/compania\/wp-json\/wp\/v2\/users\/12"}],"replies":[{"embeddable":true,"href":"https:\/\/www.farmec.ro\/compania\/wp-json\/wp\/v2\/comments?post=394"}],"version-history":[{"count":17,"href":"https:\/\/www.farmec.ro\/compania\/wp-json\/wp\/v2\/pages\/394\/revisions"}],"predecessor-version":[{"id":40366,"href":"https:\/\/www.farmec.ro\/compania\/wp-json\/wp\/v2\/pages\/394\/revisions\/40366"}],"up":[{"embeddable":true,"href":"https:\/\/www.farmec.ro\/compania\/wp-json\/wp\/v2\/pages\/239"}],"wp:attachment":[{"href":"https:\/\/www.farmec.ro\/compania\/wp-json\/wp\/v2\/media?parent=394"}],"curies":[{"name":"wp","href":"https:\/\/api.w.org\/{rel}","templated":true}]}}