{"id":75,"date":"2020-04-22T10:55:34","date_gmt":"2020-04-22T10:55:34","guid":{"rendered":"https:\/\/www.farmec.ro\/compania\/?page_id=75"},"modified":"2021-07-23T06:27:52","modified_gmt":"2021-07-23T06:27:52","slug":"cariere","status":"publish","type":"page","link":"https:\/\/www.farmec.ro\/compania\/cariere\/","title":{"rendered":"Cariere"},"content":{"rendered":"\n<div class=\"wp-block-columns\">\n<div class=\"wp-block-column\" style=\"flex-basis:66.66%\">\n<p><strong>Bine te-am g\u0103sit!<\/strong><\/p>\n\n\n\n<p>Noi, c\u00e2nd spunem Farmec, ne g\u00e2ndim la grija pentru frumos, transmis\u0103 din genera\u021bie \u00een genera\u021bie, la pasiune, inova\u021bie, calitate, tradi\u021bie \u0219i prestigiu. Toate acestea ne-au oferit statutul pe care \u00eel avem ast\u0103zi, prin oamenii care au fost ghida\u021bi de toate aceste valori \u0219i care au reu\u0219it s\u0103 le transpun\u0103 \u00een activitatea lor la cele mai \u00eenalte standarde. \u00cen cadrul companiei Farmec po\u0163i \u00eent\u00e2lni mai multe genera\u021bii de angaja\u021bi, de multe ori chiar familii, ceea ce ne duce cu g\u00e2ndul la strategia japonez\u0103 a angaj\u0103rilor pe via\u0163\u0103. <\/p>\n\n\n\n<p>Dincolo de investi\u021biile realizate constant \u00een modernizarea liniilor de produc\u021bie, \u00een cercetare \u0219i dezvoltare de noi produse \u0219i servicii, \u00een expansiunea comercial\u0103, cea mai important\u0103 a fost \u015fi va r\u0103m\u00e2ne investi\u0163ia \u00een capitalul uman. Ne concentr\u0103m efortul pentru a men\u0163ine acei angaja\u0163i cheie &#8211; care asigur\u0103 continuitatea business-ului \u2013 \u015fi pentru a atrage noi colegi de valoare care s\u0103 fie la fel de implica\u0163i \u015fi pasiona\u0163i de domeniul \u00een care activeaz\u0103.<br>Te invit\u0103m, a\u0219adar, s\u0103 faci parte din echipa noastr\u0103.<em><br>Pentru informa\u0163ii suplimentare:\u00a0<\/em><a href=\"mailto:cariere@farmec.ro\"><em>cariere@farmec.ro<\/em><\/a><em>\u00a0sau\u00a0<a href=\"tel: 0372.647.254\">0372.647.254<\/a><\/em><\/p>\n\n\n\n<p><\/p>\n<\/div>\n\n\n\n<div class=\"wp-block-column\" style=\"flex-basis:33.33%\">\n<h2>Vreau s\u0103 fiu anun\u0163at c\u00e2nd<br>apar noi joburi disponibile<\/h2>\n\n\n\n                <div class='gf_browser_gecko gform_wrapper' id='gform_wrapper_1' ><form method='post' enctype='multipart\/form-data'  id='gform_1'  action='\/compania\/wp-json\/wp\/v2\/pages\/75'>\n                        <div class='gform_body'><ul id='gform_fields_1' class='gform_fields top_label form_sublabel_below description_below'><li id='field_1_1'  class='gfield gfield_contains_required field_sublabel_below field_description_below gfield_visibility_visible' ><label class='gfield_label' for='input_1_1' >Adresa de email<span class='gfield_required'>*<\/span><\/label><div class='ginput_container ginput_container_email'>\n                            <input name='input_1' id='input_1_1' type='text' value='' class='large'    aria-required=\"true\" aria-invalid=\"false\" \/>\n                        <\/div><\/li><li id='field_1_3'  class='gfield hide-span gfield_contains_required field_sublabel_below field_description_below gfield_visibility_visible' ><label class='gfield_label'  ><span class='gfield_required'>*<\/span><\/label><div class='ginput_container ginput_container_checkbox'><ul class='gfield_checkbox' id='input_1_3'><li class='gchoice_1_3_1'>\n\t\t\t\t\t\t\t\t<input name='input_3.1' type='checkbox'  value='Sunt de acord \u015fi am luat la cuno\u015ftin\u0163\u0103 &lt;a href=&quot;https:\/\/www.farmec.ro\/compania\/politica-de-confidentialitate-candidati\/&quot;&gt;Politica de confidentialitate candidati&lt;\/a&gt;'  id='choice_1_3_1'   \/>\n\t\t\t\t\t\t\t\t<label for='choice_1_3_1' id='label_1_3_1'>Sunt de acord \u015fi am luat la cuno\u015ftin\u0163\u0103 <a href=\"https:\/\/www.farmec.ro\/compania\/politica-de-confidentialitate-candidati\/\">Politica de confidentialitate candidati<\/a><\/label>\n\t\t\t\t\t\t\t<\/li><\/ul><\/div><\/li><li id='field_1_4'  class='gfield field_sublabel_below field_description_below gfield_visibility_visible' ><label class='gfield_label' for='input_1_4' ><\/label><div id='input_1_4' class='ginput_container ginput_recaptcha' data-sitekey='6Ldmyi0hAAAAAIQEaazL3uVwteS5QTVo4O87D6gF'  data-theme='light' data-tabindex='0'  data-badge=''><\/div><\/li><li id='field_1_5'  class='gfield gform_validation_container field_sublabel_below field_description_below gfield_visibility_visible' ><label class='gfield_label' for='input_1_5' >Email<\/label><div class='ginput_container'><input name='input_5' id='input_1_5' type='text' value='' \/><\/div><div class='gfield_description' id='gfield_description__5'>This field is for validation purposes and should be left unchanged.<\/div><\/li>\n                            <\/ul><\/div>\n        <div class='gform_footer top_label'> <input type='submit' id='gform_submit_button_1' class='gform_button button' value='ANUN\u021a\u0102-M\u0102'  onclick='if(window[\"gf_submitting_1\"]){return false;}  window[\"gf_submitting_1\"]=true;  ' onkeypress='if( event.keyCode == 13 ){ if(window[\"gf_submitting_1\"]){return false;} window[\"gf_submitting_1\"]=true;  jQuery(\"#gform_1\").trigger(\"submit\",[true]); }' \/> \n            <input type='hidden' class='gform_hidden' name='is_submit_1' value='1' \/>\n            <input type='hidden' class='gform_hidden' name='gform_submit' value='1' \/>\n            \n            <input type='hidden' class='gform_hidden' name='gform_unique_id' value='' \/>\n            <input type='hidden' class='gform_hidden' name='state_1' value='WyJbXSIsIjE4ZmViMmZkNmNhNGE0MTU2YTM0ZTMwZWMxM2JlM2Y3Il0=' \/>\n            <input type='hidden' class='gform_hidden' name='gform_target_page_number_1' id='gform_target_page_number_1' value='0' \/>\n            <input type='hidden' class='gform_hidden' name='gform_source_page_number_1' id='gform_source_page_number_1' value='1' \/>\n            <input type='hidden' name='gform_field_values' value='' \/>\n            \n        <\/div>\n                        <\/form>\n                        <\/div><script type='text\/javascript'> jQuery(document).bind('gform_post_render', function(event, formId, currentPage){if(formId == 1) {} } );jQuery(document).bind('gform_post_conditional_logic', function(event, formId, fields, isInit){} );<\/script><script type='text\/javascript'> jQuery(document).ready(function(){jQuery(document).trigger('gform_post_render', [1, 1]) } ); <\/script><\/div>\n<\/div>\n\n\n<h3 class=\"job-section-title\">Joburi disponibile<\/h3><div id=\"job-list\"><div class=\"listbox listbox--job\"><div class=\"listbox-title\"><a href=\"https:\/\/www.farmec.ro\/compania\/joburi\/beauty-adviser-cluj-2-3-2-2-2-2-2-2\/\">Beauty Adviser Gerovital Platinia, Cluj-Napoca<\/a><\/div><div class=\"listbox-next\"><a href=\"#\"><svg xmlns=\"http:\/\/www.w3.org\/2000\/svg\" width=\"8.238\" height=\"14.021\" viewBox=\"0 0 8.238 14.021\"><g data-name=\"Group 651\"><path data-name=\"Path 2343\" d=\"M8.014 6.464L1.774.224a.769.769 0 0 0-1.085 0l-.46.459a.768.768 0 0 0 0 1.085l5.24 5.24-5.247 5.245a.769.769 0 0 0 0 1.085l.46.459a.769.769 0 0 0 1.085 0l6.246-6.245a.774.774 0 0 0 0-1.089z\"\/><\/g><\/svg><\/a><\/div><\/div><div class=\"listbox listbox--job\"><div class=\"listbox-title\"><a href=\"https:\/\/www.farmec.ro\/compania\/joburi\/manipulant-marfuri-bucuresti\/\">Manipulant m\u0103rfuri &#8211; Bucure\u0219ti<\/a><\/div><div class=\"listbox-next\"><a href=\"#\"><svg xmlns=\"http:\/\/www.w3.org\/2000\/svg\" width=\"8.238\" height=\"14.021\" viewBox=\"0 0 8.238 14.021\"><g data-name=\"Group 651\"><path data-name=\"Path 2343\" d=\"M8.014 6.464L1.774.224a.769.769 0 0 0-1.085 0l-.46.459a.768.768 0 0 0 0 1.085l5.24 5.24-5.247 5.245a.769.769 0 0 0 0 1.085l.46.459a.769.769 0 0 0 1.085 0l6.246-6.245a.774.774 0 0 0 0-1.089z\"\/><\/g><\/svg><\/a><\/div><\/div><div class=\"listbox listbox--job\"><div class=\"listbox-title\"><a href=\"https:\/\/www.farmec.ro\/compania\/joburi\/trade-marketing-magazine-cluj-1\/\">Retail Marketing Specialist -Re\u021bele magazine Farmec<\/a><\/div><div class=\"listbox-next\"><a href=\"#\"><svg xmlns=\"http:\/\/www.w3.org\/2000\/svg\" width=\"8.238\" height=\"14.021\" viewBox=\"0 0 8.238 14.021\"><g data-name=\"Group 651\"><path data-name=\"Path 2343\" d=\"M8.014 6.464L1.774.224a.769.769 0 0 0-1.085 0l-.46.459a.768.768 0 0 0 0 1.085l5.24 5.24-5.247 5.245a.769.769 0 0 0 0 1.085l.46.459a.769.769 0 0 0 1.085 0l6.246-6.245a.774.774 0 0 0 0-1.089z\"\/><\/g><\/svg><\/a><\/div><\/div><div class=\"listbox listbox--job\"><div class=\"listbox-title\"><a href=\"https:\/\/www.farmec.ro\/compania\/joburi\/manager-de-produs-cluj-1-2\/\">Manager de produs-Cluj-Napoca<\/a><\/div><div class=\"listbox-next\"><a href=\"#\"><svg xmlns=\"http:\/\/www.w3.org\/2000\/svg\" width=\"8.238\" height=\"14.021\" viewBox=\"0 0 8.238 14.021\"><g data-name=\"Group 651\"><path data-name=\"Path 2343\" d=\"M8.014 6.464L1.774.224a.769.769 0 0 0-1.085 0l-.46.459a.768.768 0 0 0 0 1.085l5.24 5.24-5.247 5.245a.769.769 0 0 0 0 1.085l.46.459a.769.769 0 0 0 1.085 0l6.246-6.245a.774.774 0 0 0 0-1.089z\"\/><\/g><\/svg><\/a><\/div><\/div><div class=\"listbox listbox--job\"><div class=\"listbox-title\"><a href=\"https:\/\/www.farmec.ro\/compania\/joburi\/agent-vanzari-farmacii-2-2\/\">Agent de v\u00e2nz\u0103ri &#8211; Farmacii &#8211; Cluj-Napoca<\/a><\/div><div class=\"listbox-next\"><a href=\"#\"><svg xmlns=\"http:\/\/www.w3.org\/2000\/svg\" width=\"8.238\" height=\"14.021\" viewBox=\"0 0 8.238 14.021\"><g data-name=\"Group 651\"><path data-name=\"Path 2343\" d=\"M8.014 6.464L1.774.224a.769.769 0 0 0-1.085 0l-.46.459a.768.768 0 0 0 0 1.085l5.24 5.24-5.247 5.245a.769.769 0 0 0 0 1.085l.46.459a.769.769 0 0 0 1.085 0l6.246-6.245a.774.774 0 0 0 0-1.089z\"\/><\/g><\/svg><\/a><\/div><\/div><div class=\"listbox listbox--job\"><div class=\"listbox-title\"><a href=\"https:\/\/www.farmec.ro\/compania\/joburi\/beauty-adviser-oradea-2-3-2-2-2-2-2-2-2\/\">Beauty Adviser Gerovital Oradea<\/a><\/div><div class=\"listbox-next\"><a href=\"#\"><svg xmlns=\"http:\/\/www.w3.org\/2000\/svg\" width=\"8.238\" height=\"14.021\" viewBox=\"0 0 8.238 14.021\"><g data-name=\"Group 651\"><path data-name=\"Path 2343\" d=\"M8.014 6.464L1.774.224a.769.769 0 0 0-1.085 0l-.46.459a.768.768 0 0 0 0 1.085l5.24 5.24-5.247 5.245a.769.769 0 0 0 0 1.085l.46.459a.769.769 0 0 0 1.085 0l6.246-6.245a.774.774 0 0 0 0-1.089z\"\/><\/g><\/svg><\/a><\/div><\/div><div class=\"jobs-pagination\"><\/div><\/div>\n","protected":false},"excerpt":{"rendered":"<p>Bine te-am g\u0103sit! Noi, c\u00e2nd spunem Farmec, ne g\u00e2ndim la grija pentru frumos, transmis\u0103 din genera\u021bie \u00een genera\u021bie, la pasiune, inova\u021bie, calitate, tradi\u021bie \u0219i prestigiu. Toate acestea ne-au oferit statutul pe care \u00eel avem ast\u0103zi, prin oamenii care au fost ghida\u021bi de toate aceste valori \u0219i care au reu\u0219it s\u0103 le transpun\u0103 \u00een activitatea lor [&hellip;]<\/p>\n","protected":false},"author":12,"featured_media":0,"parent":0,"menu_order":0,"comment_status":"closed","ping_status":"closed","template":"","meta":[],"yoast_head":"<!-- This site is optimized with the Yoast SEO plugin v18.4.1 - https:\/\/yoast.com\/wordpress\/plugins\/seo\/ -->\n<title>Cariere &mdash; FARMEC<\/title>\n<meta name=\"robots\" content=\"index, follow, max-snippet:-1, max-image-preview:large, max-video-preview:-1\" \/>\n<link rel=\"canonical\" href=\"https:\/\/www.farmec.ro\/compania\/cariere\/\" \/>\n<meta property=\"og:locale\" content=\"ro_RO\" \/>\n<meta property=\"og:type\" content=\"article\" \/>\n<meta property=\"og:title\" content=\"Cariere &mdash; FARMEC\" \/>\n<meta property=\"og:description\" content=\"Bine te-am g\u0103sit! Noi, c\u00e2nd spunem Farmec, ne g\u00e2ndim la grija pentru frumos, transmis\u0103 din genera\u021bie \u00een genera\u021bie, la pasiune, inova\u021bie, calitate, tradi\u021bie \u0219i prestigiu. Toate acestea ne-au oferit statutul pe care \u00eel avem ast\u0103zi, prin oamenii care au fost ghida\u021bi de toate aceste valori \u0219i care au reu\u0219it s\u0103 le transpun\u0103 \u00een activitatea lor [&hellip;]\" \/>\n<meta property=\"og:url\" content=\"https:\/\/www.farmec.ro\/compania\/cariere\/\" \/>\n<meta property=\"og:site_name\" content=\"FARMEC\" \/>\n<meta property=\"article:modified_time\" content=\"2021-07-23T06:27:52+00:00\" \/>\n<meta name=\"twitter:card\" content=\"summary_large_image\" \/>\n<meta name=\"twitter:label1\" content=\"Est. reading time\" \/>\n\t<meta name=\"twitter:data1\" content=\"1 minut\" \/>\n<script type=\"application\/ld+json\" class=\"yoast-schema-graph\">{\"@context\":\"https:\/\/schema.org\",\"@graph\":[{\"@type\":\"WebSite\",\"@id\":\"https:\/\/www.farmec.ro\/compania\/#website\",\"url\":\"https:\/\/www.farmec.ro\/compania\/\",\"name\":\"FARMEC\",\"description\":\"Brand Rom\u00e2nesc\",\"potentialAction\":[{\"@type\":\"SearchAction\",\"target\":{\"@type\":\"EntryPoint\",\"urlTemplate\":\"https:\/\/www.farmec.ro\/compania\/?s={search_term_string}\"},\"query-input\":\"required name=search_term_string\"}],\"inLanguage\":\"ro-RO\"},{\"@type\":\"WebPage\",\"@id\":\"https:\/\/www.farmec.ro\/compania\/cariere\/#webpage\",\"url\":\"https:\/\/www.farmec.ro\/compania\/cariere\/\",\"name\":\"Cariere &mdash; FARMEC\",\"isPartOf\":{\"@id\":\"https:\/\/www.farmec.ro\/compania\/#website\"},\"datePublished\":\"2020-04-22T10:55:34+00:00\",\"dateModified\":\"2021-07-23T06:27:52+00:00\",\"breadcrumb\":{\"@id\":\"https:\/\/www.farmec.ro\/compania\/cariere\/#breadcrumb\"},\"inLanguage\":\"ro-RO\",\"potentialAction\":[{\"@type\":\"ReadAction\",\"target\":[\"https:\/\/www.farmec.ro\/compania\/cariere\/\"]}]},{\"@type\":\"BreadcrumbList\",\"@id\":\"https:\/\/www.farmec.ro\/compania\/cariere\/#breadcrumb\",\"itemListElement\":[{\"@type\":\"ListItem\",\"position\":1,\"name\":\"Acas\u0103\",\"item\":\"https:\/\/www.farmec.ro\/compania\/\"},{\"@type\":\"ListItem\",\"position\":2,\"name\":\"Cariere\"}]}]}<\/script>\n<!-- \/ Yoast SEO plugin. -->","yoast_head_json":{"title":"Cariere &mdash; FARMEC","robots":{"index":"index","follow":"follow","max-snippet":"max-snippet:-1","max-image-preview":"max-image-preview:large","max-video-preview":"max-video-preview:-1"},"canonical":"https:\/\/www.farmec.ro\/compania\/cariere\/","og_locale":"ro_RO","og_type":"article","og_title":"Cariere &mdash; FARMEC","og_description":"Bine te-am g\u0103sit! Noi, c\u00e2nd spunem Farmec, ne g\u00e2ndim la grija pentru frumos, transmis\u0103 din genera\u021bie \u00een genera\u021bie, la pasiune, inova\u021bie, calitate, tradi\u021bie \u0219i prestigiu. Toate acestea ne-au oferit statutul pe care \u00eel avem ast\u0103zi, prin oamenii care au fost ghida\u021bi de toate aceste valori \u0219i care au reu\u0219it s\u0103 le transpun\u0103 \u00een activitatea lor [&hellip;]","og_url":"https:\/\/www.farmec.ro\/compania\/cariere\/","og_site_name":"FARMEC","article_modified_time":"2021-07-23T06:27:52+00:00","twitter_card":"summary_large_image","twitter_misc":{"Est. reading time":"1 minut"},"schema":{"@context":"https:\/\/schema.org","@graph":[{"@type":"WebSite","@id":"https:\/\/www.farmec.ro\/compania\/#website","url":"https:\/\/www.farmec.ro\/compania\/","name":"FARMEC","description":"Brand Rom\u00e2nesc","potentialAction":[{"@type":"SearchAction","target":{"@type":"EntryPoint","urlTemplate":"https:\/\/www.farmec.ro\/compania\/?s={search_term_string}"},"query-input":"required name=search_term_string"}],"inLanguage":"ro-RO"},{"@type":"WebPage","@id":"https:\/\/www.farmec.ro\/compania\/cariere\/#webpage","url":"https:\/\/www.farmec.ro\/compania\/cariere\/","name":"Cariere &mdash; FARMEC","isPartOf":{"@id":"https:\/\/www.farmec.ro\/compania\/#website"},"datePublished":"2020-04-22T10:55:34+00:00","dateModified":"2021-07-23T06:27:52+00:00","breadcrumb":{"@id":"https:\/\/www.farmec.ro\/compania\/cariere\/#breadcrumb"},"inLanguage":"ro-RO","potentialAction":[{"@type":"ReadAction","target":["https:\/\/www.farmec.ro\/compania\/cariere\/"]}]},{"@type":"BreadcrumbList","@id":"https:\/\/www.farmec.ro\/compania\/cariere\/#breadcrumb","itemListElement":[{"@type":"ListItem","position":1,"name":"Acas\u0103","item":"https:\/\/www.farmec.ro\/compania\/"},{"@type":"ListItem","position":2,"name":"Cariere"}]}]}},"_links":{"self":[{"href":"https:\/\/www.farmec.ro\/compania\/wp-json\/wp\/v2\/pages\/75"}],"collection":[{"href":"https:\/\/www.farmec.ro\/compania\/wp-json\/wp\/v2\/pages"}],"about":[{"href":"https:\/\/www.farmec.ro\/compania\/wp-json\/wp\/v2\/types\/page"}],"author":[{"embeddable":true,"href":"https:\/\/www.farmec.ro\/compania\/wp-json\/wp\/v2\/users\/12"}],"replies":[{"embeddable":true,"href":"https:\/\/www.farmec.ro\/compania\/wp-json\/wp\/v2\/comments?post=75"}],"version-history":[{"count":14,"href":"https:\/\/www.farmec.ro\/compania\/wp-json\/wp\/v2\/pages\/75\/revisions"}],"predecessor-version":[{"id":20350,"href":"https:\/\/www.farmec.ro\/compania\/wp-json\/wp\/v2\/pages\/75\/revisions\/20350"}],"wp:attachment":[{"href":"https:\/\/www.farmec.ro\/compania\/wp-json\/wp\/v2\/media?parent=75"}],"curies":[{"name":"wp","href":"https:\/\/api.w.org\/{rel}","templated":true}]}}